{"id":620,"date":"2020-11-09T12:38:20","date_gmt":"2020-11-09T12:38:20","guid":{"rendered":"http:\/\/evolving-youth.com\/?page_id=620"},"modified":"2022-02-18T15:39:01","modified_gmt":"2022-02-18T15:39:01","slug":"think-2ice-training-course-on-media-literacy-in-youth-work","status":"publish","type":"page","link":"https:\/\/evolving-youth.com\/lv\/think-2ice-training-course-on-media-literacy-in-youth-work\/","title":{"rendered":"Think 2ice: training course on media literacy in youth work"},"content":{"rendered":"<figure class=\"wp-block-gallery alignleft columns-1 is-cropped wp-block-gallery-1 is-layout-flex wp-block-gallery-is-layout-flex\"><ul class=\"blocks-gallery-grid\"><li class=\"blocks-gallery-item\"><figure><img fetchpriority=\"high\" decoding=\"async\" width=\"720\" height=\"960\" src=\"http:\/\/evolving-youth.com\/wp-content\/uploads\/2020\/11\/118346241_1474741532710893_2395456931476160496_n-3.jpg\" alt=\"\" data-id=\"831\" data-full-url=\"http:\/\/evolving-youth.com\/wp-content\/uploads\/2020\/11\/118346241_1474741532710893_2395456931476160496_n-3.jpg\" data-link=\"http:\/\/evolving-youth.com\/think-2ice-training-course-on-media-literacy-in-youth-work-2\/118346241_1474741532710893_2395456931476160496_n-3-2\/\" class=\"wp-image-831\" srcset=\"https:\/\/evolving-youth.com\/wp-content\/uploads\/2020\/11\/118346241_1474741532710893_2395456931476160496_n-3.jpg 720w, https:\/\/evolving-youth.com\/wp-content\/uploads\/2020\/11\/118346241_1474741532710893_2395456931476160496_n-3-225x300.jpg 225w\" sizes=\"(max-width: 720px) 100vw, 720px\" \/><\/figure><\/li><\/ul><\/figure>\n\n\n\n<p class=\"has-text-align-center\">Think 2ice: training course on media literacy in youth work was a KA1 a training course which was implemented from 24th to 30th of August 2020 in Riga, Latvia involving 22 participants, trainers, and facilitators from Latvia, Italy Hungary, Germany, and Slovakia. During the training course, youth workers explored the concept of fake news, different ways how to check the sources of information, how to understand the difference between different types of wrong representation of information, were equipped with skills on how to facilitate workshops regarding critical thinking and media literacy, explored propaganda concept in regards of local history. This project was a result of cooperation among &#8211; EvolvingYOUth (Latvia) &#8211; TDM 2000 (Italy) &#8211; HORIZONT e.V. (Germany) &#8211; EMINA P\u00e1lyaorient\u00e1ci\u00f3s Alap\u00edtv\u00e1ny (Hungary) &#8211; Social Innovation and Entrepreneurship Development Association of Slovakia (Slovakia)<\/p>\n\n\n\n<p>More about the course read here &#8211; <a href=\"https:\/\/evolvingyouth1.medium.com\/think-2ice-training-course-on-media-literacy-in-youth-work-c49c8f2fcfc0\">https:\/\/evolvingyouth1.medium.com\/think-2ice-training-course-on-media-literacy-in-youth-work-c49c8f2fcfc0<\/a><\/p>\n\n\n\n<figure class=\"wp-block-embed is-type-video is-provider-youtube wp-block-embed-youtube wp-embed-aspect-16-9 wp-has-aspect-ratio\"><div class=\"wp-block-embed__wrapper\">\n<iframe title=\"Think 2ice: training course on media literacy in youth work\" width=\"750\" height=\"422\" src=\"https:\/\/www.youtube.com\/embed\/lnuZwgMs498?feature=oembed\" frameborder=\"0\" allow=\"accelerometer; autoplay; clipboard-write; encrypted-media; gyroscope; picture-in-picture\" allowfullscreen><\/iframe>\n<\/div><\/figure>\n\n\n\n<figure class=\"wp-block-embed is-type-video is-provider-youtube wp-block-embed-youtube wp-embed-aspect-16-9 wp-has-aspect-ratio\"><div class=\"wp-block-embed__wrapper\">\n<iframe title=\"Think 2ice: training course on media literacy in youth work\" width=\"750\" height=\"422\" src=\"https:\/\/www.youtube.com\/embed\/gLYdRwgmL4I?feature=oembed\" frameborder=\"0\" allow=\"accelerometer; autoplay; clipboard-write; encrypted-media; gyroscope; picture-in-picture\" allowfullscreen><\/iframe>\n<\/div><\/figure>\n\n\n\n<figure class=\"wp-block-embed is-type-video is-provider-youtube wp-block-embed-youtube wp-embed-aspect-16-9 wp-has-aspect-ratio\"><div class=\"wp-block-embed__wrapper\">\n<iframe title=\"Think 2ice: training course on media literacy in youth work\" width=\"750\" height=\"422\" src=\"https:\/\/www.youtube.com\/embed\/PtE0BuhQWDU?feature=oembed\" frameborder=\"0\" allow=\"accelerometer; autoplay; clipboard-write; encrypted-media; gyroscope; picture-in-picture\" allowfullscreen><\/iframe>\n<\/div><\/figure>\n\n\n\n<figure class=\"wp-block-embed is-type-video is-provider-youtube wp-block-embed-youtube wp-embed-aspect-16-9 wp-has-aspect-ratio\"><div class=\"wp-block-embed__wrapper\">\n<iframe title=\"Think 2ice: training course on media literacy in youth work\" width=\"750\" height=\"422\" src=\"https:\/\/www.youtube.com\/embed\/4Nd7AF11sNw?feature=oembed\" frameborder=\"0\" allow=\"accelerometer; autoplay; clipboard-write; encrypted-media; gyroscope; picture-in-picture\" allowfullscreen><\/iframe>\n<\/div><\/figure>\n\n\n\n<figure class=\"wp-block-embed is-type-video is-provider-youtube wp-block-embed-youtube wp-embed-aspect-16-9 wp-has-aspect-ratio\"><div class=\"wp-block-embed__wrapper\">\n<iframe title=\"Think 2ice: training course on media literacy in youth work\" width=\"750\" height=\"422\" src=\"https:\/\/www.youtube.com\/embed\/jumpLzQGzd4?feature=oembed\" frameborder=\"0\" allow=\"accelerometer; autoplay; clipboard-write; encrypted-media; gyroscope; picture-in-picture\" allowfullscreen><\/iframe>\n<\/div><\/figure>","protected":false},"excerpt":{"rendered":"<p>Think 2ice: training course on media literacy in youth work was a KA1 a training course which was implemented from 24th to 30th of August 2020 in Riga, Latvia involving 22 participants, trainers, and facilitators from Latvia, Italy Hungary, Germany, and Slovakia. During the training course, youth workers explored the [&hellip;]<\/p>\n","protected":false},"author":1,"featured_media":0,"parent":0,"menu_order":22,"comment_status":"closed","ping_status":"closed","template":"","meta":{"footnotes":""},"class_list":["post-620","page","type-page","status-publish","hentry"],"rttpg_featured_image_url":null,"rttpg_author":{"display_name":"evolvingyouth1","author_link":"https:\/\/evolving-youth.com\/lv\/author\/evolvingyouth1\/"},"rttpg_comment":0,"rttpg_category":null,"rttpg_excerpt":"Think 2ice: training course on media literacy in youth work was a KA1 a training course which was implemented from 24th to 30th of August 2020 in Riga, Latvia involving 22 participants, trainers, and facilitators from Latvia, Italy Hungary, Germany, and Slovakia. During the training course, youth workers explored the [&hellip;]","_links":{"self":[{"href":"https:\/\/evolving-youth.com\/lv\/wp-json\/wp\/v2\/pages\/620"}],"collection":[{"href":"https:\/\/evolving-youth.com\/lv\/wp-json\/wp\/v2\/pages"}],"about":[{"href":"https:\/\/evolving-youth.com\/lv\/wp-json\/wp\/v2\/types\/page"}],"author":[{"embeddable":true,"href":"https:\/\/evolving-youth.com\/lv\/wp-json\/wp\/v2\/users\/1"}],"replies":[{"embeddable":true,"href":"https:\/\/evolving-youth.com\/lv\/wp-json\/wp\/v2\/comments?post=620"}],"version-history":[{"count":6,"href":"https:\/\/evolving-youth.com\/lv\/wp-json\/wp\/v2\/pages\/620\/revisions"}],"predecessor-version":[{"id":1174,"href":"https:\/\/evolving-youth.com\/lv\/wp-json\/wp\/v2\/pages\/620\/revisions\/1174"}],"wp:attachment":[{"href":"https:\/\/evolving-youth.com\/lv\/wp-json\/wp\/v2\/media?parent=620"}],"curies":[{"name":"wp","href":"https:\/\/api.w.org\/{rel}","templated":true}]}}