{"id":616,"date":"2020-10-09T15:07:00","date_gmt":"2020-10-09T14:07:00","guid":{"rendered":"http:\/\/evolving-youth.com\/?page_id=616"},"modified":"2020-11-09T17:07:17","modified_gmt":"2020-11-09T17:07:17","slug":"once-upon-a-time-fairy-tales-and-myths-across-europe","status":"publish","type":"page","link":"https:\/\/evolving-youth.com\/lv\/once-upon-a-time-fairy-tales-and-myths-across-europe\/","title":{"rendered":"Once upon a time: fairy tales and myths across Europe"},"content":{"rendered":"<figure class=\"wp-block-gallery alignleft columns-1 is-cropped wp-block-gallery-1 is-layout-flex wp-block-gallery-is-layout-flex\"><ul class=\"blocks-gallery-grid\"><li class=\"blocks-gallery-item\"><figure><img decoding=\"async\" src=\"http:\/\/evolving-youth.com\/wp-content\/uploads\/2020\/11\/118595253_2864900323794509_6233147502165926911_o-724x1024.jpg\" alt=\"\" data-id=\"894\" data-full-url=\"http:\/\/evolving-youth.com\/wp-content\/uploads\/2020\/11\/118595253_2864900323794509_6233147502165926911_o.jpg\" data-link=\"http:\/\/evolving-youth.com\/once-upon-a-time-fairy-tales-and-myths-across-europe\/118595253_2864900323794509_6233147502165926911_o\/\" class=\"wp-image-894\"\/><\/figure><\/li><\/ul><\/figure>\n\n\n\n<p>Once upon a time: fairy tales and myths across Europe was a KA1 youth exchange, which was implemented from 31st of August till the 7th of September in J\u016brmala, Latvia totally involving 40 participants from Latvia, Italy Hungary, and Finland. During the exchange the participants promoted intercultural learning and sensitivity through puppetry and storytelling, sharing traditional fairy tales, created and implemented a common intercultural tale on the topic of intercultural learning for young people, and presented it to the public as a puppet show to other young people at an international and local level. This project was a result of cooperation among &#8211; EvolvingYOUth (Latvia) &#8211; Kultur\u00e1lis Kapcsolatok\u00e9rt Alap\u00edtv\u00e1ny (Hungary) &#8211; Association for Cultural Relations (Finland) &#8211; Associazione Studenti per la Citt\u00e0 (Italy) &#8211; Youthfully Yours SK (Slovakia).<\/p>\n\n\n\n<p>more about the youth exchange you can read here &#8211; <a href=\"https:\/\/evolvingyouth1.medium.com\/once-upon-a-time-myths-and-fairy-tales-across-europe-3a56ce2f4319\"><strong>https:\/\/evolvingyouth1.medium.com\/once-upon-a-time-myths-and-fairy-tales-across-europe-3a56ce2f4319<\/strong><\/a><\/p>\n\n\n\n<p class=\"has-text-align-center\">Presentation of the puppet theatre <\/p>\n\n\n\n<figure class=\"wp-block-embed-youtube wp-block-embed is-type-video is-provider-youtube wp-embed-aspect-16-9 wp-has-aspect-ratio\"><div class=\"wp-block-embed__wrapper\">\n<iframe title=\"Once upon a time: fairy tales and myths across Europe.  International stories #1\" width=\"750\" height=\"422\" src=\"https:\/\/www.youtube.com\/embed\/pl6qXtBDrNY?feature=oembed\" frameborder=\"0\" allow=\"accelerometer; autoplay; clipboard-write; encrypted-media; gyroscope; picture-in-picture\" allowfullscreen><\/iframe>\n<\/div><\/figure>\n\n\n\n<figure class=\"wp-block-embed-youtube wp-block-embed is-type-video is-provider-youtube wp-embed-aspect-16-9 wp-has-aspect-ratio\"><div class=\"wp-block-embed__wrapper\">\n<iframe title=\"Once upon a time: fairy tales and myths across Europe\" width=\"750\" height=\"422\" src=\"https:\/\/www.youtube.com\/embed\/QR-SqRCcqKg?feature=oembed\" frameborder=\"0\" allow=\"accelerometer; autoplay; clipboard-write; encrypted-media; gyroscope; picture-in-picture\" allowfullscreen><\/iframe>\n<\/div><\/figure>\n\n\n\n<figure class=\"wp-block-embed-youtube wp-block-embed is-type-video is-provider-youtube wp-embed-aspect-16-9 wp-has-aspect-ratio\"><div class=\"wp-block-embed__wrapper\">\n<iframe title=\"Once upon a time: fairy tales and myths across Europe\" width=\"750\" height=\"422\" src=\"https:\/\/www.youtube.com\/embed\/nGQlG3qKWDQ?feature=oembed\" frameborder=\"0\" allow=\"accelerometer; autoplay; clipboard-write; encrypted-media; gyroscope; picture-in-picture\" allowfullscreen><\/iframe>\n<\/div><\/figure>\n\n\n\n<figure class=\"wp-block-embed-youtube wp-block-embed is-type-video is-provider-youtube wp-embed-aspect-16-9 wp-has-aspect-ratio\"><div class=\"wp-block-embed__wrapper\">\n<iframe title=\"Once upon a time: fairy tales and myths across Europe\" width=\"750\" height=\"422\" src=\"https:\/\/www.youtube.com\/embed\/VGQPcrjyLlY?feature=oembed\" frameborder=\"0\" allow=\"accelerometer; autoplay; clipboard-write; encrypted-media; gyroscope; picture-in-picture\" allowfullscreen><\/iframe>\n<\/div><\/figure>","protected":false},"excerpt":{"rendered":"<p>Once upon a time: fairy tales and myths across Europe was a KA1 youth exchange, which was implemented from 31st of August till the 7th of September in J\u016brmala, Latvia totally involving 40 participants from Latvia, Italy Hungary, and Finland. During the exchange the participants promoted intercultural learning and sensitivity [&hellip;]<\/p>\n","protected":false},"author":1,"featured_media":0,"parent":0,"menu_order":21,"comment_status":"closed","ping_status":"closed","template":"","meta":{"footnotes":""},"class_list":["post-616","page","type-page","status-publish","hentry"],"rttpg_featured_image_url":null,"rttpg_author":{"display_name":"evolvingyouth1","author_link":"https:\/\/evolving-youth.com\/lv\/author\/evolvingyouth1\/"},"rttpg_comment":0,"rttpg_category":null,"rttpg_excerpt":"Once upon a time: fairy tales and myths across Europe was a KA1 youth exchange, which was implemented from 31st of August till the 7th of September in J\u016brmala, Latvia totally involving 40 participants from Latvia, Italy Hungary, and Finland. During the exchange the participants promoted intercultural learning and sensitivity [&hellip;]","_links":{"self":[{"href":"https:\/\/evolving-youth.com\/lv\/wp-json\/wp\/v2\/pages\/616"}],"collection":[{"href":"https:\/\/evolving-youth.com\/lv\/wp-json\/wp\/v2\/pages"}],"about":[{"href":"https:\/\/evolving-youth.com\/lv\/wp-json\/wp\/v2\/types\/page"}],"author":[{"embeddable":true,"href":"https:\/\/evolving-youth.com\/lv\/wp-json\/wp\/v2\/users\/1"}],"replies":[{"embeddable":true,"href":"https:\/\/evolving-youth.com\/lv\/wp-json\/wp\/v2\/comments?post=616"}],"version-history":[{"count":6,"href":"https:\/\/evolving-youth.com\/lv\/wp-json\/wp\/v2\/pages\/616\/revisions"}],"predecessor-version":[{"id":1523,"href":"https:\/\/evolving-youth.com\/lv\/wp-json\/wp\/v2\/pages\/616\/revisions\/1523"}],"wp:attachment":[{"href":"https:\/\/evolving-youth.com\/lv\/wp-json\/wp\/v2\/media?parent=616"}],"curies":[{"name":"wp","href":"https:\/\/api.w.org\/{rel}","templated":true}]}}