{"id":278,"date":"2019-11-12T12:06:16","date_gmt":"2019-11-12T12:06:16","guid":{"rendered":"http:\/\/evolving-youth.com\/?page_id=278"},"modified":"2020-04-14T19:55:10","modified_gmt":"2020-04-14T18:55:10","slug":"charity-work-2","status":"publish","type":"page","link":"https:\/\/evolving-youth.com\/lv\/charity-work-2\/","title":{"rendered":"Christmas time in orphanage &#8220;M\u016bsm\u0101jas&#8221;"},"content":{"rendered":"<p>On December 15th, 2018 we went to the orphanage and crisis center &#8220;M\u016bsm\u0101jas&#8221; in Kr\u0101slava to bring the gifts and sweets to children. A big thank you to everyone who helped to make their Christmas more cheerful!! the children were very happy <\/p>\n\n\n\n<figure class=\"wp-block-gallery columns-3 is-cropped wp-block-gallery-1 is-layout-flex wp-block-gallery-is-layout-flex\"><ul class=\"blocks-gallery-grid\"><li class=\"blocks-gallery-item\"><figure><img fetchpriority=\"high\" decoding=\"async\" width=\"720\" height=\"960\" src=\"http:\/\/evolving-youth.com\/wp-content\/uploads\/2019\/11\/48914958_2333851473566066_8541356149650227200_n.jpg\" alt=\"\" data-id=\"301\" data-link=\"http:\/\/evolving-youth.com\/charity-work-2\/48914958_2333851473566066_8541356149650227200_n\/\" class=\"wp-image-301\" srcset=\"https:\/\/evolving-youth.com\/wp-content\/uploads\/2019\/11\/48914958_2333851473566066_8541356149650227200_n.jpg 720w, https:\/\/evolving-youth.com\/wp-content\/uploads\/2019\/11\/48914958_2333851473566066_8541356149650227200_n-225x300.jpg 225w\" sizes=\"(max-width: 720px) 100vw, 720px\" \/><\/figure><\/li><li class=\"blocks-gallery-item\"><figure><img decoding=\"async\" width=\"960\" height=\"720\" src=\"http:\/\/evolving-youth.com\/wp-content\/uploads\/2019\/11\/48987137_2333851346899412_5891362951515865088_n.jpg\" alt=\"\" data-id=\"302\" data-link=\"http:\/\/evolving-youth.com\/charity-work-2\/48987137_2333851346899412_5891362951515865088_n\/\" class=\"wp-image-302\" srcset=\"https:\/\/evolving-youth.com\/wp-content\/uploads\/2019\/11\/48987137_2333851346899412_5891362951515865088_n.jpg 960w, https:\/\/evolving-youth.com\/wp-content\/uploads\/2019\/11\/48987137_2333851346899412_5891362951515865088_n-300x225.jpg 300w, https:\/\/evolving-youth.com\/wp-content\/uploads\/2019\/11\/48987137_2333851346899412_5891362951515865088_n-768x576.jpg 768w\" sizes=\"(max-width: 960px) 100vw, 960px\" \/><\/figure><\/li><li class=\"blocks-gallery-item\"><figure><img decoding=\"async\" width=\"720\" height=\"960\" src=\"http:\/\/evolving-youth.com\/wp-content\/uploads\/2019\/11\/49242663_2333851386899408_853854638204518400_n-1.jpg\" alt=\"\" data-id=\"303\" data-link=\"http:\/\/evolving-youth.com\/charity-work-2\/49242663_2333851386899408_853854638204518400_n-1\/\" class=\"wp-image-303\" srcset=\"https:\/\/evolving-youth.com\/wp-content\/uploads\/2019\/11\/49242663_2333851386899408_853854638204518400_n-1.jpg 720w, https:\/\/evolving-youth.com\/wp-content\/uploads\/2019\/11\/49242663_2333851386899408_853854638204518400_n-1-225x300.jpg 225w\" sizes=\"(max-width: 720px) 100vw, 720px\" \/><\/figure><\/li><\/ul><\/figure>\n\n\n\n<p><\/p>","protected":false},"excerpt":{"rendered":"<p>On December 15th, 2018 we went to the orphanage and crisis center &#8220;M\u016bsm\u0101jas&#8221; in Kr\u0101slava to bring the gifts and sweets to children. A big thank you to everyone who helped to make their Christmas more cheerful!! the children were very happy<\/p>","protected":false},"author":1,"featured_media":0,"parent":0,"menu_order":27,"comment_status":"closed","ping_status":"closed","template":"","meta":{"footnotes":""},"class_list":["post-278","page","type-page","status-publish","hentry"],"rttpg_featured_image_url":null,"rttpg_author":{"display_name":"evolvingyouth1","author_link":"https:\/\/evolving-youth.com\/lv\/author\/evolvingyouth1\/"},"rttpg_comment":0,"rttpg_category":null,"rttpg_excerpt":"On December 15th, 2018 we went to the orphanage and crisis center &#8220;M\u016bsm\u0101jas&#8221; in Kr\u0101slava to bring the gifts and sweets to children. A big thank you to everyone who helped to make their Christmas more cheerful!! the children were very happy","_links":{"self":[{"href":"https:\/\/evolving-youth.com\/lv\/wp-json\/wp\/v2\/pages\/278"}],"collection":[{"href":"https:\/\/evolving-youth.com\/lv\/wp-json\/wp\/v2\/pages"}],"about":[{"href":"https:\/\/evolving-youth.com\/lv\/wp-json\/wp\/v2\/types\/page"}],"author":[{"embeddable":true,"href":"https:\/\/evolving-youth.com\/lv\/wp-json\/wp\/v2\/users\/1"}],"replies":[{"embeddable":true,"href":"https:\/\/evolving-youth.com\/lv\/wp-json\/wp\/v2\/comments?post=278"}],"version-history":[{"count":6,"href":"https:\/\/evolving-youth.com\/lv\/wp-json\/wp\/v2\/pages\/278\/revisions"}],"predecessor-version":[{"id":491,"href":"https:\/\/evolving-youth.com\/lv\/wp-json\/wp\/v2\/pages\/278\/revisions\/491"}],"wp:attachment":[{"href":"https:\/\/evolving-youth.com\/lv\/wp-json\/wp\/v2\/media?parent=278"}],"curies":[{"name":"wp","href":"https:\/\/api.w.org\/{rel}","templated":true}]}}