{"id":2713,"date":"2025-09-02T17:57:48","date_gmt":"2025-09-02T16:57:48","guid":{"rendered":"https:\/\/evolving-youth.com\/?page_id=2713"},"modified":"2025-12-10T18:04:06","modified_gmt":"2025-12-10T18:04:06","slug":"organizacijas-struktura","status":"publish","type":"page","link":"https:\/\/evolving-youth.com\/lv\/organizacijas-struktura\/","title":{"rendered":"Organiz\u0101cijas strukt\u016bra"},"content":{"rendered":"<div data-elementor-type=\"wp-page\" data-elementor-id=\"2713\" class=\"elementor elementor-2713\">\n\t\t\t\t<div class=\"elementor-element elementor-element-65b4d67 e-grid e-con-boxed e-con e-parent\" data-id=\"65b4d67\" data-element_type=\"container\" data-e-type=\"container\">\n\t\t\t\t\t<div class=\"e-con-inner\">\n\t\t\t\t<div class=\"elementor-element elementor-element-b529600 elementor-widget elementor-widget-image\" data-id=\"b529600\" data-element_type=\"widget\" data-e-type=\"widget\" data-widget_type=\"image.default\">\n\t\t\t\t<div class=\"elementor-widget-container\">\n\t\t\t\t\t\t\t\t\t\t\t\t\t\t\t<img fetchpriority=\"high\" decoding=\"async\" width=\"750\" height=\"750\" src=\"https:\/\/evolving-youth.com\/wp-content\/uploads\/2025\/09\/WhatsApp-attels-2025-08-26-plkst.-13.58.54_800a2ed0-2.jpg\" class=\"attachment-large size-large wp-image-2714\" alt=\"\" srcset=\"https:\/\/evolving-youth.com\/wp-content\/uploads\/2025\/09\/WhatsApp-attels-2025-08-26-plkst.-13.58.54_800a2ed0-2.jpg 1024w, https:\/\/evolving-youth.com\/wp-content\/uploads\/2025\/09\/WhatsApp-attels-2025-08-26-plkst.-13.58.54_800a2ed0-2-300x300.jpg 300w, https:\/\/evolving-youth.com\/wp-content\/uploads\/2025\/09\/WhatsApp-attels-2025-08-26-plkst.-13.58.54_800a2ed0-2-150x150.jpg 150w, https:\/\/evolving-youth.com\/wp-content\/uploads\/2025\/09\/WhatsApp-attels-2025-08-26-plkst.-13.58.54_800a2ed0-2-768x768.jpg 768w, https:\/\/evolving-youth.com\/wp-content\/uploads\/2025\/09\/WhatsApp-attels-2025-08-26-plkst.-13.58.54_800a2ed0-2-12x12.jpg 12w\" sizes=\"(max-width: 750px) 100vw, 750px\" \/>\t\t\t\t\t\t\t\t\t\t\t\t\t\t\t<\/div>\n\t\t\t\t<\/div>\n\t\t\t\t<div class=\"elementor-element elementor-element-1f1169e elementor-widget elementor-widget-image\" data-id=\"1f1169e\" data-element_type=\"widget\" data-e-type=\"widget\" data-widget_type=\"image.default\">\n\t\t\t\t<div class=\"elementor-widget-container\">\n\t\t\t\t\t\t\t\t\t\t\t\t\t\t\t<img decoding=\"async\" width=\"750\" height=\"750\" src=\"https:\/\/evolving-youth.com\/wp-content\/uploads\/2025\/09\/1666599603800-1.jpeg\" class=\"attachment-large size-large wp-image-2715\" alt=\"\" srcset=\"https:\/\/evolving-youth.com\/wp-content\/uploads\/2025\/09\/1666599603800-1.jpeg 800w, https:\/\/evolving-youth.com\/wp-content\/uploads\/2025\/09\/1666599603800-1-300x300.jpeg 300w, https:\/\/evolving-youth.com\/wp-content\/uploads\/2025\/09\/1666599603800-1-150x150.jpeg 150w, https:\/\/evolving-youth.com\/wp-content\/uploads\/2025\/09\/1666599603800-1-768x768.jpeg 768w, https:\/\/evolving-youth.com\/wp-content\/uploads\/2025\/09\/1666599603800-1-12x12.jpeg 12w\" sizes=\"(max-width: 750px) 100vw, 750px\" \/>\t\t\t\t\t\t\t\t\t\t\t\t\t\t\t<\/div>\n\t\t\t\t<\/div>\n\t\t\t\t<div class=\"elementor-element elementor-element-faaf1be elementor-widget elementor-widget-image\" data-id=\"faaf1be\" data-element_type=\"widget\" data-e-type=\"widget\" data-widget_type=\"image.default\">\n\t\t\t\t<div class=\"elementor-widget-container\">\n\t\t\t\t\t\t\t\t\t\t\t\t\t\t\t<img decoding=\"async\" width=\"437\" height=\"437\" src=\"https:\/\/evolving-youth.com\/wp-content\/uploads\/2025\/09\/1594897567557-1.jpeg\" class=\"attachment-large size-large wp-image-2716\" alt=\"\" srcset=\"https:\/\/evolving-youth.com\/wp-content\/uploads\/2025\/09\/1594897567557-1.jpeg 437w, https:\/\/evolving-youth.com\/wp-content\/uploads\/2025\/09\/1594897567557-1-300x300.jpeg 300w, https:\/\/evolving-youth.com\/wp-content\/uploads\/2025\/09\/1594897567557-1-150x150.jpeg 150w, https:\/\/evolving-youth.com\/wp-content\/uploads\/2025\/09\/1594897567557-1-12x12.jpeg 12w\" sizes=\"(max-width: 437px) 100vw, 437px\" \/>\t\t\t\t\t\t\t\t\t\t\t\t\t\t\t<\/div>\n\t\t\t\t<\/div>\n\t\t\t\t\t<\/div>\n\t\t\t\t<\/div>\n\t\t<div class=\"elementor-element elementor-element-00939d9 e-grid e-con-boxed e-con e-parent\" data-id=\"00939d9\" data-element_type=\"container\" data-e-type=\"container\">\n\t\t\t\t\t<div class=\"e-con-inner\">\n\t\t\t\t<div class=\"elementor-element elementor-element-ff2e0b9 elementor-widget elementor-widget-text-editor\" data-id=\"ff2e0b9\" data-element_type=\"widget\" data-e-type=\"widget\" data-widget_type=\"text-editor.default\">\n\t\t\t\t<div class=\"elementor-widget-container\">\n\t\t\t\t\t\t\t\t\t<p><b>Alise Jakovele<\/b><\/p>\n<p>Dibin\u0101t\u0101ja<\/p>\n<p>Likumisk\u0101 p\u0101rst\u0101ve<\/p>\t\t\t\t\t\t\t\t<\/div>\n\t\t\t\t<\/div>\n\t\t\t\t<div class=\"elementor-element elementor-element-fd678d9 elementor-widget elementor-widget-text-editor\" data-id=\"fd678d9\" data-element_type=\"widget\" data-e-type=\"widget\" data-widget_type=\"text-editor.default\">\n\t\t\t\t<div class=\"elementor-widget-container\">\n\t\t\t\t\t\t\t\t\t<p><b>Annija \u0160teina<\/b><\/p>\n<p>Projektu koordin\u0101tore<\/p>\n<p>Gr\u0101matvede<\/p>\t\t\t\t\t\t\t\t<\/div>\n\t\t\t\t<\/div>\n\t\t\t\t<div class=\"elementor-element elementor-element-f931f66 elementor-widget elementor-widget-text-editor\" data-id=\"f931f66\" data-element_type=\"widget\" data-e-type=\"widget\" data-widget_type=\"text-editor.default\">\n\t\t\t\t<div class=\"elementor-widget-container\">\n\t\t\t\t\t\t\t\t\t<p><b>El\u012bna D\u012bdrihsone<\/b><\/p>\n<p>Projektu koordin\u0101tore\u00a0<\/p>\n<p>Soci\u0101lo mediju eksperte<\/p>\t\t\t\t\t\t\t\t<\/div>\n\t\t\t\t<\/div>\n\t\t\t\t\t<\/div>\n\t\t\t\t<\/div>\n\t\t<div class=\"elementor-element elementor-element-6e82f0b e-grid e-con-boxed e-con e-parent\" data-id=\"6e82f0b\" data-element_type=\"container\" data-e-type=\"container\">\n\t\t\t\t\t<div class=\"e-con-inner\">\n\t\t\t\t<div class=\"elementor-element elementor-element-5e3a232 elementor-widget elementor-widget-image\" data-id=\"5e3a232\" data-element_type=\"widget\" data-e-type=\"widget\" data-widget_type=\"image.default\">\n\t\t\t\t<div class=\"elementor-widget-container\">\n\t\t\t\t\t\t\t\t\t\t\t\t\t\t\t<img loading=\"lazy\" decoding=\"async\" width=\"750\" height=\"750\" src=\"https:\/\/evolving-youth.com\/wp-content\/uploads\/2025\/09\/1706291810670-1.jpeg\" class=\"attachment-large size-large wp-image-2717\" alt=\"\" srcset=\"https:\/\/evolving-youth.com\/wp-content\/uploads\/2025\/09\/1706291810670-1.jpeg 800w, https:\/\/evolving-youth.com\/wp-content\/uploads\/2025\/09\/1706291810670-1-300x300.jpeg 300w, https:\/\/evolving-youth.com\/wp-content\/uploads\/2025\/09\/1706291810670-1-150x150.jpeg 150w, https:\/\/evolving-youth.com\/wp-content\/uploads\/2025\/09\/1706291810670-1-768x768.jpeg 768w, https:\/\/evolving-youth.com\/wp-content\/uploads\/2025\/09\/1706291810670-1-12x12.jpeg 12w\" sizes=\"(max-width: 750px) 100vw, 750px\" \/>\t\t\t\t\t\t\t\t\t\t\t\t\t\t\t<\/div>\n\t\t\t\t<\/div>\n\t\t\t\t<div class=\"elementor-element elementor-element-416a68f elementor-widget elementor-widget-image\" data-id=\"416a68f\" data-element_type=\"widget\" data-e-type=\"widget\" data-widget_type=\"image.default\">\n\t\t\t\t<div class=\"elementor-widget-container\">\n\t\t\t\t\t\t\t\t\t\t\t\t\t\t\t<img loading=\"lazy\" decoding=\"async\" width=\"750\" height=\"750\" src=\"https:\/\/evolving-youth.com\/wp-content\/uploads\/2025\/09\/1737031486896.jpeg\" class=\"attachment-large size-large wp-image-2710\" alt=\"\" srcset=\"https:\/\/evolving-youth.com\/wp-content\/uploads\/2025\/09\/1737031486896.jpeg 800w, https:\/\/evolving-youth.com\/wp-content\/uploads\/2025\/09\/1737031486896-300x300.jpeg 300w, https:\/\/evolving-youth.com\/wp-content\/uploads\/2025\/09\/1737031486896-150x150.jpeg 150w, https:\/\/evolving-youth.com\/wp-content\/uploads\/2025\/09\/1737031486896-768x768.jpeg 768w, https:\/\/evolving-youth.com\/wp-content\/uploads\/2025\/09\/1737031486896-12x12.jpeg 12w\" sizes=\"(max-width: 750px) 100vw, 750px\" \/>\t\t\t\t\t\t\t\t\t\t\t\t\t\t\t<\/div>\n\t\t\t\t<\/div>\n\t\t\t\t\t<\/div>\n\t\t\t\t<\/div>\n\t\t<div class=\"elementor-element elementor-element-3491f22 e-grid e-con-boxed e-con e-parent\" data-id=\"3491f22\" data-element_type=\"container\" data-e-type=\"container\">\n\t\t\t\t\t<div class=\"e-con-inner\">\n\t\t\t\t<div class=\"elementor-element elementor-element-bad1f58 elementor-widget elementor-widget-text-editor\" data-id=\"bad1f58\" data-element_type=\"widget\" data-e-type=\"widget\" data-widget_type=\"text-editor.default\">\n\t\t\t\t<div class=\"elementor-widget-container\">\n\t\t\t\t\t\t\t\t\t<p><b>Di\u0101na Vanaga<\/b><\/p>\n<p>Projektu koordin\u0101tore<\/p>\n<p>Aktivit\u0101\u0161u vad\u012btaja\u00a0<\/p>\t\t\t\t\t\t\t\t<\/div>\n\t\t\t\t<\/div>\n\t\t\t\t<div class=\"elementor-element elementor-element-f59156f elementor-widget elementor-widget-text-editor\" data-id=\"f59156f\" data-element_type=\"widget\" data-e-type=\"widget\" data-widget_type=\"text-editor.default\">\n\t\t\t\t<div class=\"elementor-widget-container\">\n\t\t\t\t\t\t\t\t\t<p><b>Madara Kos\u012bte\u00a0<\/b><\/p>\n<p>Aktivit\u0101\u0161u vad\u012bt\u0101ja<\/p>\t\t\t\t\t\t\t\t<\/div>\n\t\t\t\t<\/div>\n\t\t\t\t\t<\/div>\n\t\t\t\t<\/div>\n\t\t<div class=\"elementor-element elementor-element-11d73b75 e-con-full e-flex e-con e-parent\" data-id=\"11d73b75\" data-element_type=\"container\" data-e-type=\"container\">\n\t\t\t\t<\/div>\n\t\t\t\t<\/div>","protected":false},"excerpt":{"rendered":"<p>Alise Jakovele Dibin\u0101t\u0101ja Likumisk\u0101 p\u0101rst\u0101ve Annija \u0160teina Projektu koordin\u0101tore Gr\u0101matvede El\u012bna D\u012bdrihsone Projektu koordin\u0101tore\u00a0 Soci\u0101lo mediju eksperte Di\u0101na Vanaga Projektu koordin\u0101tore Aktivit\u0101\u0161u vad\u012btaja\u00a0 Madara Kos\u012bte\u00a0 Aktivit\u0101\u0161u vad\u012bt\u0101ja<\/p>","protected":false},"author":1,"featured_media":0,"parent":0,"menu_order":0,"comment_status":"closed","ping_status":"closed","template":"","meta":{"footnotes":""},"class_list":["post-2713","page","type-page","status-publish","hentry"],"rttpg_featured_image_url":null,"rttpg_author":{"display_name":"evolvingyouth1","author_link":"https:\/\/evolving-youth.com\/lv\/author\/evolvingyouth1\/"},"rttpg_comment":0,"rttpg_category":null,"rttpg_excerpt":"Alise Jakovele Dibin\u0101t\u0101ja Likumisk\u0101 p\u0101rst\u0101ve Annija \u0160teina Projektu koordin\u0101tore Gr\u0101matvede El\u012bna D\u012bdrihsone Projektu koordin\u0101tore\u00a0 Soci\u0101lo mediju eksperte Di\u0101na Vanaga Projektu koordin\u0101tore Aktivit\u0101\u0161u vad\u012btaja\u00a0 Madara Kos\u012bte\u00a0 Aktivit\u0101\u0161u vad\u012bt\u0101ja","_links":{"self":[{"href":"https:\/\/evolving-youth.com\/lv\/wp-json\/wp\/v2\/pages\/2713"}],"collection":[{"href":"https:\/\/evolving-youth.com\/lv\/wp-json\/wp\/v2\/pages"}],"about":[{"href":"https:\/\/evolving-youth.com\/lv\/wp-json\/wp\/v2\/types\/page"}],"author":[{"embeddable":true,"href":"https:\/\/evolving-youth.com\/lv\/wp-json\/wp\/v2\/users\/1"}],"replies":[{"embeddable":true,"href":"https:\/\/evolving-youth.com\/lv\/wp-json\/wp\/v2\/comments?post=2713"}],"version-history":[{"count":7,"href":"https:\/\/evolving-youth.com\/lv\/wp-json\/wp\/v2\/pages\/2713\/revisions"}],"predecessor-version":[{"id":2858,"href":"https:\/\/evolving-youth.com\/lv\/wp-json\/wp\/v2\/pages\/2713\/revisions\/2858"}],"wp:attachment":[{"href":"https:\/\/evolving-youth.com\/lv\/wp-json\/wp\/v2\/media?parent=2713"}],"curies":[{"name":"wp","href":"https:\/\/api.w.org\/{rel}","templated":true}]}}