{"id":2700,"date":"2025-09-02T17:31:59","date_gmt":"2025-09-02T16:31:59","guid":{"rendered":"https:\/\/evolving-youth.com\/?page_id=2700"},"modified":"2025-09-02T17:32:00","modified_gmt":"2025-09-02T16:32:00","slug":"musu-statuti","status":"publish","type":"page","link":"https:\/\/evolving-youth.com\/lv\/musu-statuti\/","title":{"rendered":"M\u016bsu stat\u016bti"},"content":{"rendered":"<p><strong>1.noda\u013ca. Biedr\u012bbas nosaukums.<\/strong><\/p>\n\n\n\n<p>1.1. Biedr\u012bbas nosaukums ir \u201cEvolving YOUth\u201d (turpm\u0101k tekst\u0101 -Biedr\u012bba).<\/p>\n\n\n\n<p>1.2. Biedr\u012bbas nosaukuma tulkojums latvie\u0161u valod\u0101 ir \u201eJaunie\u0161u att\u012bst\u012bba\u201d.<\/p>\n\n\n\n<p><strong>2.noda\u013ca. Biedr\u012bbas m\u0113r\u0137i.<\/strong><\/p>\n\n\n\n<p>2.1.&nbsp; Biedr\u012bbas m\u0113r\u0137i ir:<\/p>\n\n\n\n<p>Veicin\u0101t cilv\u0113ku iek\u013cau\u0161anu sabiedr\u012bb\u0101 un visp\u0101r\u0113ju cilv\u0113kties\u012bbu iev\u0113ro\u0161anu.&nbsp;<\/p>\n\n\n\n<p>Atbalst\u012bt un veicin\u0101t jaunie\u0161u iniciat\u012bvas, radot labv\u0113l\u012bgus apst\u0101k\u013cus intelektu\u0101lajai, rado\u0161ajai un kultur\u0101lajai att\u012bst\u012bbai. Nodro\u0161in\u0101t jaunie\u0161us ar iesp\u0113ju ieg\u016bt person\u012bgajai un profesion\u0101lajai izaugsmei nepiecie\u0161am\u0101s prasmes, zin\u0101\u0161anas un pieredzi neform\u0101l\u0101s izgl\u012bt\u012bbas ce\u013c\u0101.&nbsp;<\/p>\n\n\n\n<p>Sniegt ieguld\u012bjumu pilsonisk\u0101s sabiedr\u012bbas att\u012bst\u012bb\u0101 un veicin\u0101t starpkult\u016bru komunik\u0101ciju caur biedr\u012bbas un caur to realiz\u0113to projektu aktivit\u0101t\u0113m.<\/p>\n\n\n\n<p><strong>3.noda\u013ca. Biedr\u012bbas darb\u012bbas termi\u0146\u0161.<\/strong><\/p>\n\n\n\n<p>3.1. Biedr\u012bba ir nodibin\u0101ta uz nenoteiktu laiku.<\/p>\n\n\n\n<p><strong>4.noda\u013ca. Biedru iest\u0101\u0161an\u0101s Biedr\u012bb\u0101, izst\u0101\u0161an\u0101s un izsl\u0113g\u0161ana.<\/strong><\/p>\n\n\n\n<p>4.1. Biedr\u012bb\u0101 var iest\u0101ties jebkura r\u012bc\u012bbsp\u0113j\u012bga fiziska un juridiska persona vai ties\u012bbsp\u0113j\u012bga person\u0101lsabiedr\u012bba, iesniedzot noteiktas formas rakstisku pieteikumu. Pieteikuma formu un tam kl\u0101t pievienojamo dokumentu sarakstu nosaka Biedr\u012bbas valde.<\/p>\n\n\n\n<p>4.2. L\u0113mumu par biedra uz\u0146em\u0161anu Biedr\u012bb\u0101 pie\u0146em valde. Valdei pieteic\u0113ja l\u016bgums ir j\u0101izskata tuv\u0101k\u0101s s\u0113des laik\u0101, ta\u010du ne ilg\u0101k k\u0101 divu ned\u0113\u013cu laik\u0101 no visu nepiecie\u0161amo dokumentu sa\u0146em\u0161anas br\u012b\u017ea. Uz valdes s\u0113di, kur\u0101 izskata pieteic\u0113ja l\u016bgumu, ir j\u0101uzaicina pats pieteic\u0113js un j\u0101dod vi\u0146am v\u0101rds sava viedok\u013ca pau\u0161anai. Pieteic\u0113ja neiera\u0161an\u0101s nav \u0161\u0137\u0113rslis valdes l\u0113muma pie\u0146em\u0161anai. Valdei motiv\u0113ts l\u0113mums rakstveid\u0101 j\u0101pazi\u0146o pieteic\u0113jam ned\u0113\u013cas laik\u0101 no t\u0101 pie\u0146em\u0161anas br\u012b\u017ea.<\/p>\n\n\n\n<p>4.3. Valdes noraido\u0161o l\u0113mumu pieteic\u0113js rakstveid\u0101 var p\u0101rs\u016bdz\u0113t biedru kopsapulcei. Ja ar\u012b biedru kopsapulce noraida pieteic\u0113ja l\u016bgumu, pieteic\u0113js nav uz\u0146emts par Biedr\u012bbas biedru, un vi\u0146\u0161 var iesniegt atk\u0101rtotu pieteikumu ne \u0101tr\u0101k k\u0101 p\u0113c gada termi\u0146a izbeig\u0161an\u0101s.<\/p>\n\n\n\n<p>4.4. Biedrs var jebkur\u0101 laik\u0101 izst\u0101ties no Biedr\u012bbas rakstveid\u0101 pazi\u0146ojot par to valdei;<\/p>\n\n\n\n<p>4.5. Biedru var izsl\u0113gt no Biedr\u012bbas ar valdes l\u0113mumu, ja:&nbsp;<\/p>\n\n\n\n<p>4.5.1. biedrs vair\u0101k k\u0101 3 m\u0113ne\u0161us nav nomaks\u0101jis biedra naudu;<\/p>\n\n\n\n<p>4.5.2. biedrs&nbsp; nepilda kopsapulces un valdes l\u0113mumus;<\/p>\n\n\n\n<p>4.5.3. biedrs nepilda savus pien\u0101kumu un uz\u0146emt\u0101s saist\u012bbas;<\/p>\n\n\n\n<p>4.5.4. biedrs veic citu darb\u012bbu, kas ir pretrun\u0101 ar \u0161ajos stat\u016btos noteikto.<\/p>\n\n\n\n<p>4.6. Jaut\u0101jumu par Biedr\u012bbas biedra izsl\u0113g\u0161anu valde izskata tuv\u0101k\u0101s s\u0113des laik\u0101, uzaicinot izsl\u0113dzamo biedru un dodot vi\u0146am v\u0101rdu sava viedok\u013ca pau\u0161anai. Izsl\u0113dzam\u0101 biedra neiera\u0161an\u0101s nav \u0161\u0137\u0113rslis valdes l\u0113muma pie\u0146em\u0161anai. Valdei l\u0113mums par biedra izsl\u0113g\u0161anu no biedr\u012bbas un \u0161\u0101 l\u0113muma motiv\u0101cija j\u0101pazi\u0146o rakstveid\u0101 izsl\u0113dzamajam biedram piecu dienu laik\u0101 no t\u0101 pie\u0146em\u0161anas br\u012b\u017ea.<\/p>\n\n\n\n<p><strong>5.noda\u013ca. Biedru ties\u012bbas un pien\u0101kumi.<\/strong><\/p>\n\n\n\n<p>5.1. Biedr\u012bbas biedriem ir \u0161\u0101das ties\u012bbas:<\/p>\n\n\n\n<p>5.1.1. piedal\u012bties Biedr\u012bbas p\u0101rvald\u0113,<\/p>\n\n\n\n<p>5.1.2. sa\u0146emt inform\u0101ciju par Biedr\u012bbas darb\u012bbu, tai skait\u0101 iepaz\u012bties ar visu Biedr\u012bbas instit\u016bciju protokoliem, l\u0113mumiem un r\u012bkojumiem,<\/p>\n\n\n\n<p>5.1.3. piedal\u012bties visos Biedr\u012bbas organiz\u0113tajos pas\u0101kumos, iesniegt priek\u0161likumus par Biedr\u012bbas darb\u012bbu un t\u0101s uzlabo\u0161anu, aizst\u0101v\u0113t savu viedokli,<\/p>\n\n\n\n<p>5.2. Biedr\u012bbas biedru pien\u0101kumi:<\/p>\n\n\n\n<p>5.2.1. iev\u0113rot Biedr\u012bbas stat\u016btus un pild\u012bt biedru sapulces un valdes l\u0113mumus&nbsp;<\/p>\n\n\n\n<p>5.2.2. regul\u0101ri maks\u0101t biedra naudu,<\/p>\n\n\n\n<p>5.2.3. ar savu akt\u012bvu l\u012bdzdarb\u012bbu atbalst\u012bt Biedr\u012bbas m\u0113r\u0137a un uzdevumu realiz\u0113\u0161anu,<\/p>\n\n\n\n<p>5.3. Saist\u012bbas biedram var noteikt ar biedru sapulces vai valdes l\u0113mumu. Nosakot biedram saist\u012bbas, kas at\u0161\u0137iras no citu biedru saist\u012bb\u0101m, ir nepiecie\u0161ama \u0161\u0101 biedra piekri\u0161ana.<\/p>\n\n\n\n<p><strong>6.noda\u013ca. Biedr\u012bbas strukt\u016brvien\u012bbas.<\/strong><\/p>\n\n\n\n<p>6.1. Ar biedru sapulces l\u0113mumu var tikt izveidotas Biedr\u012bbas teritori\u0101l\u0101s un citas strukt\u016brvien\u012bbas;<\/p>\n\n\n\n<p>6.2. Strukt\u016brvien\u012bbas darb\u012bbu, ties\u012bbas un pien\u0101kumus, k\u0101 ar\u012b attiec\u012bbas ar Biedr\u012bbu regul\u0113 strukt\u016brvien\u012bbas nolikums, ko apstiprina Biedr\u012bbas biedru sapulce.<\/p>\n\n\n\n<p><strong>7.noda\u013ca. Biedru sapulces sasauk\u0161ana un l\u0113mumu pie\u0146em\u0161ana.<\/strong><\/p>\n\n\n\n<p>7.1. Biedru sapulce ir augst\u0101k\u0101 Biedr\u012bbas l\u0113m\u0113jinstit\u016bcija.<\/p>\n\n\n\n<p>7.2. Biedru sapulc\u0113 ir ties\u012bgi piedal\u012bties visi Biedr\u012bbas biedri. Biedri var piedal\u012bties biedru sapulc\u0113 tikai person\u012bgi.&nbsp;<\/p>\n\n\n\n<p>7.3. K\u0101rt\u0113j\u0101 biedru sapulce tiek sasaukta vienu reizi gad\u0101- ne v\u0113l\u0101k k\u0101 l\u012bdz 31.martam.<\/p>\n\n\n\n<p>7.4. \u0100rk\u0101rtas biedru sapulce var tikt sasaukta p\u0113c valdes iniciat\u012bvas, vai ja to rakstveid\u0101 pieprasa ne maz\u0101k k\u0101 viena desmit\u0101 da\u013ca. &nbsp;Biedr\u012bbas biedru, nor\u0101dot sasauk\u0161anas iemeslu.<\/p>\n\n\n\n<p>7.5. Biedru sapulce tiek sasaukta, ne v\u0113l\u0101k k\u0101 divas ned\u0113\u013cas pirms sapulces nos\u016btot katram biedram rakstisku uzaicin\u0101jumu.&nbsp;<\/p>\n\n\n\n<p>7.6. Biedru sapulce ir lemtties\u012bga, ja taj\u0101 piedal\u0101s vair\u0101k k\u0101 puse no biedriem.<\/p>\n\n\n\n<p>7.7. Ja biedru sapulce nav lemtties\u012bga kvoruma tr\u016bkuma d\u0113\u013c, tr\u012bs ned\u0113\u013cu laik\u0101 tiek sasaukta atk\u0101rtota biedru sapulce, kas ir ties\u012bga pie\u0146emt l\u0113mumus neatkar\u012bgi no kl\u0101teso\u0161o&nbsp; biedru skaita, ar nosac\u012bjumu, ka taj\u0101 piedal\u0101s vismaz divi biedri.<\/p>\n\n\n\n<p>7.8. Biedru sapulces l\u0113mums ir pie\u0146emts, ja par to nobalso vair\u0101k k\u0101 puse no kl\u0101teso\u0161ajiem biedriem.&nbsp; L\u0113mums par stat\u016btu groz\u012bjumiem, Biedr\u012bbas darb\u012bbas izbeig\u0161anu un turpin\u0101\u0161anu ir pie\u0146emts, ja par to nobalso vair\u0101k k\u0101 divas tre\u0161da\u013cas no kl\u0101teso\u0161ajiem biedriem.<\/p>\n\n\n\n<p><strong>8.noda\u013ca. Izpildinstit\u016bcija.<\/strong><\/p>\n\n\n\n<p>8.1. Biedr\u012bbas izpildinstit\u016bcija ir valde, kas sast\u0101v no diviem valdes locek\u013ciem.<\/p>\n\n\n\n<p>8.2. Valde ir ties\u012bga izlemt visus jaut\u0101jumus, kas nav ekskluz\u012bv\u0101 biedru sapulces kompetenc\u0113.<\/p>\n\n\n\n<p>8.3. Valdes locek\u013ci ir ties\u012bgi p\u0101rst\u0101v\u0113t Biedr\u012bbu katrs atsevi\u0161\u0137i.<\/p>\n\n\n\n<p>8.4. Valdes loceklis pilda savus pien\u0101kumus par atl\u012bdz\u012bbu.<\/p>\n\n\n\n<p><strong>9.noda\u013ca. Revidents.<\/strong><\/p>\n\n\n\n<p>9.1. Biedr\u012bbas finansi\u0101l\u0101s un saimniecisk\u0101s darb\u012bbas kontroli veic revidents, kuru iev\u0113l biedru sapulce uz vienu gadu.<\/p>\n\n\n\n<p>9.2. Biedr\u012bbas revidents nevar b\u016bt Biedr\u012bbas valdes loceklis.<\/p>\n\n\n\n<p>9.3. Revidents:<\/p>\n\n\n\n<p>9.3.1. veic Biedr\u012bbas mantas un finan\u0161u l\u012bdzek\u013cu rev\u012bziju;&nbsp;<\/p>\n\n\n\n<p>9.3.2. dod atzinumu par Biedr\u012bbas bud\u017eetu un gada p\u0101rskatu;<\/p>\n\n\n\n<p>9.3.3. izv\u0113rt\u0113 Biedr\u012bbas gr\u0101matved\u012bbas un lietved\u012bbas darbu;<\/p>\n\n\n\n<p>9.3.4. sniedz ieteikumus par Biedr\u012bbas finan\u0161u un saimniecisk\u0101s darb\u012bbas uzlabo\u0161anu;<\/p>\n\n\n\n<p>9.4. Revidents veic rev\u012bziju biedru sapulces noteiktajos termi\u0146os, ta\u010du ne ret\u0101k k\u0101 reizi gad\u0101.<\/p>\n\n\n\n<p>9.5. Biedru sapulce apstiprina Biedr\u012bbas gada p\u0101rskatu tikai p\u0113c Revidenta atzinuma sa\u0146em\u0161anas.<\/p>","protected":false},"excerpt":{"rendered":"<p>1.noda\u013ca. Biedr\u012bbas nosaukums. 1.1. Biedr\u012bbas nosaukums ir \u201cEvolving YOUth\u201d (turpm\u0101k tekst\u0101 -Biedr\u012bba). 1.2. Biedr\u012bbas nosaukuma tulkojums latvie\u0161u valod\u0101 ir \u201eJaunie\u0161u att\u012bst\u012bba\u201d. 2.noda\u013ca. Biedr\u012bbas m\u0113r\u0137i. 2.1.&nbsp; Biedr\u012bbas m\u0113r\u0137i ir: Veicin\u0101t cilv\u0113ku iek\u013cau\u0161anu sabiedr\u012bb\u0101 un visp\u0101r\u0113ju cilv\u0113kties\u012bbu iev\u0113ro\u0161anu.&nbsp; Atbalst\u012bt un veicin\u0101t jaunie\u0161u iniciat\u012bvas, radot labv\u0113l\u012bgus apst\u0101k\u013cus intelektu\u0101lajai, rado\u0161ajai un kultur\u0101lajai att\u012bst\u012bbai. Nodro\u0161in\u0101t [&hellip;]<\/p>\n","protected":false},"author":1,"featured_media":0,"parent":0,"menu_order":0,"comment_status":"closed","ping_status":"closed","template":"","meta":{"footnotes":""},"class_list":["post-2700","page","type-page","status-publish","hentry"],"rttpg_featured_image_url":null,"rttpg_author":{"display_name":"evolvingyouth1","author_link":"https:\/\/evolving-youth.com\/lv\/author\/evolvingyouth1\/"},"rttpg_comment":0,"rttpg_category":null,"rttpg_excerpt":"1.noda\u013ca. Biedr\u012bbas nosaukums. 1.1. Biedr\u012bbas nosaukums ir \u201cEvolving YOUth\u201d (turpm\u0101k tekst\u0101 -Biedr\u012bba). 1.2. Biedr\u012bbas nosaukuma tulkojums latvie\u0161u valod\u0101 ir \u201eJaunie\u0161u att\u012bst\u012bba\u201d. 2.noda\u013ca. Biedr\u012bbas m\u0113r\u0137i. 2.1.&nbsp; Biedr\u012bbas m\u0113r\u0137i ir: Veicin\u0101t cilv\u0113ku iek\u013cau\u0161anu sabiedr\u012bb\u0101 un visp\u0101r\u0113ju cilv\u0113kties\u012bbu iev\u0113ro\u0161anu.&nbsp; Atbalst\u012bt un veicin\u0101t jaunie\u0161u iniciat\u012bvas, radot labv\u0113l\u012bgus apst\u0101k\u013cus intelektu\u0101lajai, rado\u0161ajai un kultur\u0101lajai att\u012bst\u012bbai. Nodro\u0161in\u0101t [&hellip;]","_links":{"self":[{"href":"https:\/\/evolving-youth.com\/lv\/wp-json\/wp\/v2\/pages\/2700"}],"collection":[{"href":"https:\/\/evolving-youth.com\/lv\/wp-json\/wp\/v2\/pages"}],"about":[{"href":"https:\/\/evolving-youth.com\/lv\/wp-json\/wp\/v2\/types\/page"}],"author":[{"embeddable":true,"href":"https:\/\/evolving-youth.com\/lv\/wp-json\/wp\/v2\/users\/1"}],"replies":[{"embeddable":true,"href":"https:\/\/evolving-youth.com\/lv\/wp-json\/wp\/v2\/comments?post=2700"}],"version-history":[{"count":1,"href":"https:\/\/evolving-youth.com\/lv\/wp-json\/wp\/v2\/pages\/2700\/revisions"}],"predecessor-version":[{"id":2702,"href":"https:\/\/evolving-youth.com\/lv\/wp-json\/wp\/v2\/pages\/2700\/revisions\/2702"}],"wp:attachment":[{"href":"https:\/\/evolving-youth.com\/lv\/wp-json\/wp\/v2\/media?parent=2700"}],"curies":[{"name":"wp","href":"https:\/\/api.w.org\/{rel}","templated":true}]}}