{"id":2336,"date":"2024-02-29T14:11:15","date_gmt":"2024-02-29T14:11:24","guid":{"rendered":"https:\/\/evolving-youth.com\/?page_id=2336"},"modified":"2024-03-09T13:47:34","modified_gmt":"2024-03-09T13:47:34","slug":"2336-2","status":"publish","type":"page","link":"https:\/\/evolving-youth.com\/lv\/2336-2\/","title":{"rendered":""},"content":{"rendered":"<p>After engaging in numerous local and international activities, we realized the importance of extending similar opportunities to other young individuals. Our aim is to empower them to explore their potential, acquire new knowledge and skills, and foster personal and professional growth<\/p>\n\n\n\n<p><strong>M\u016bsu m\u0113r\u0137i<\/strong><\/p>\n\n\n\n<ul class=\"wp-block-list\"><li>Atbalst\u012bt un veicin\u0101t jaunie\u0161u iniciat\u012bvas, radot labv\u0113l\u012bgus apst\u0101k\u013cus intelektu\u0101lai, rado\u0161ai un kult\u016bras att\u012bst\u012bbai.<\/li><li>Sniegt jaunie\u0161iem iesp\u0113ju ieg\u016bt prasmes, zin\u0101\u0161anas un pieredzi, kas vajadz\u012bgas person\u012bgai un profesion\u0101lai izaugsmei, izmantojot neform\u0101lo izgl\u012bt\u012bbu.<\/li><li>Veicin\u0101t pilsonisk\u0101s sabiedr\u012bbas att\u012bst\u012bbu un veicin\u0101t starpkult\u016bru komunik\u0101ciju, izmantojot organiz\u0101cijas aktivit\u0101tes un t\u0101s \u012bstenotos projektus.<\/li><\/ul>\n\n\n\n<p>M\u0113s ticam neform\u0101l\u0101s izgl\u012bt\u012bbas un praktisk\u0101s m\u0101c\u012b\u0161an\u0101s v\u0113rt\u012bbai. \u0160o iemeslu d\u0113\u013c m\u0113s organiz\u0113jam semin\u0101rus un izgl\u012btojo\u0161us pas\u0101kumus sadarb\u012bb\u0101 ar viet\u0113j\u0101m skol\u0101m, izgl\u012bt\u012bbas centriem, universit\u0101t\u0113m un ievie\u0161am novatoriskas izgl\u012bt\u012bbas pieejas jaunie\u0161iem un jaunatnes darbiniekiem.<br>\u012astenojot \u0161\u012bs aktivit\u0101tes, m\u0113s veicin\u0101m jaunie\u0161u izpratni par pieejamaj\u0101m iesp\u0113j\u0101m, k\u0101 ar\u012b nodarbin\u0101t\u012bbu viet\u0113j\u0101 un starptautisk\u0101 l\u012bmen\u012b. M\u0113s inform\u0113jam jaunie\u0161us, k\u0101 pieteikties \u0161\u012bm programm\u0101m, apm\u0101c\u012bbas kursiem un aktivit\u0101t\u0113m.<\/p>\n\n\n\n<p><br>NVO tika dibin\u0101ta p\u0113c vair\u0101kk\u0101rt\u0113jas br\u012bvpr\u0101t\u012bg\u0101 darba pieredzes gan viet\u0113j\u0101, gan starptautisk\u0101 l\u012bmen\u012b, p\u0113c kuras m\u0113s nol\u0113m\u0101m akt\u012bvi iesaist\u012bties, nodro\u0161inot viet\u0113jiem jaunie\u0161iem iesp\u0113jas ieg\u016bt jaunas prasmes un iesp\u0113ju sevi pilnveidot.<\/p>\n\n\n\n<p id=\"block-4bbbb382-553b-4e86-a6f0-3c6a320b9866\">M\u0113s ticam neform\u0101l\u0101s izgl\u012bt\u012bbas un praktisk\u0101s m\u0101c\u012b\u0161an\u0101s v\u0113rt\u012bbai. \u0160o iemeslu d\u0113\u013c m\u0113s organiz\u0113jam semin\u0101rus un izgl\u012btojo\u0161us pas\u0101kumus sadarb\u012bb\u0101 ar viet\u0113j\u0101m skol\u0101m, izgl\u012bt\u012bbas centriem, universit\u0101t\u0113m un ievie\u0161am novatoriskas izgl\u012bt\u012bbas pieejas jaunie\u0161iem un jaunatnes darbiniekiem.<br>\u012astenojot \u0161\u012bs aktivit\u0101tes, m\u0113s veicin\u0101m jaunie\u0161u izpratni par pieejamaj\u0101m iesp\u0113j\u0101m, k\u0101 ar\u012b nodarbin\u0101t\u012bbu viet\u0113j\u0101 un starptautisk\u0101 l\u012bmen\u012b. M\u0113s inform\u0113jam jaunie\u0161us, k\u0101 pieteikties \u0161\u012bm programm\u0101m, apm\u0101c\u012bbas kursiem un aktivit\u0101t\u0113m.<\/p>","protected":false},"excerpt":{"rendered":"<p>After engaging in numerous local and international activities, we realized the importance of extending similar opportunities to other young individuals. Our aim is to empower them to explore their potential, acquire new knowledge and skills, and foster personal and professional growth Our goals are Supporting and promoting youth initiatives, creating [&hellip;]<\/p>\n","protected":false},"author":1,"featured_media":2274,"parent":0,"menu_order":-2,"comment_status":"closed","ping_status":"closed","template":"elementor_theme","meta":{"footnotes":""},"class_list":["post-2336","page","type-page","status-publish","has-post-thumbnail","hentry"],"rttpg_featured_image_url":{"full":["https:\/\/evolving-youth.com\/wp-content\/uploads\/2024\/02\/20230930_191625-scaled-1.jpg",2162,1063,false],"landscape":["https:\/\/evolving-youth.com\/wp-content\/uploads\/2024\/02\/20230930_191625-scaled-1.jpg",2162,1063,false],"portraits":["https:\/\/evolving-youth.com\/wp-content\/uploads\/2024\/02\/20230930_191625-scaled-1.jpg",2162,1063,false],"thumbnail":["https:\/\/evolving-youth.com\/wp-content\/uploads\/2024\/02\/20230930_191625-scaled-1-150x150.jpg",150,150,true],"medium":["https:\/\/evolving-youth.com\/wp-content\/uploads\/2024\/02\/20230930_191625-scaled-1-300x148.jpg",300,148,true],"large":["https:\/\/evolving-youth.com\/wp-content\/uploads\/2024\/02\/20230930_191625-scaled-1-1024x503.jpg",750,368,true],"1536x1536":["https:\/\/evolving-youth.com\/wp-content\/uploads\/2024\/02\/20230930_191625-scaled-1-1536x755.jpg",1536,755,true],"2048x2048":["https:\/\/evolving-youth.com\/wp-content\/uploads\/2024\/02\/20230930_191625-scaled-1-2048x1007.jpg",2048,1007,true],"trp-custom-language-flag":["https:\/\/evolving-youth.com\/wp-content\/uploads\/2024\/02\/20230930_191625-scaled-1-18x9.jpg",18,9,true],"hestia-blog":["https:\/\/evolving-youth.com\/wp-content\/uploads\/2024\/02\/20230930_191625-scaled-1-360x240.jpg",360,240,true]},"rttpg_author":{"display_name":"evolvingyouth1","author_link":"https:\/\/evolving-youth.com\/lv\/author\/evolvingyouth1\/"},"rttpg_comment":0,"rttpg_category":null,"rttpg_excerpt":"After engaging in numerous local and international activities, we realized the importance of extending similar opportunities to other young individuals. Our aim is to empower them to explore their potential, acquire new knowledge and skills, and foster personal and professional growth Our goals are Supporting and promoting youth initiatives, creating [&hellip;]","_links":{"self":[{"href":"https:\/\/evolving-youth.com\/lv\/wp-json\/wp\/v2\/pages\/2336"}],"collection":[{"href":"https:\/\/evolving-youth.com\/lv\/wp-json\/wp\/v2\/pages"}],"about":[{"href":"https:\/\/evolving-youth.com\/lv\/wp-json\/wp\/v2\/types\/page"}],"author":[{"embeddable":true,"href":"https:\/\/evolving-youth.com\/lv\/wp-json\/wp\/v2\/users\/1"}],"replies":[{"embeddable":true,"href":"https:\/\/evolving-youth.com\/lv\/wp-json\/wp\/v2\/comments?post=2336"}],"version-history":[{"count":3,"href":"https:\/\/evolving-youth.com\/lv\/wp-json\/wp\/v2\/pages\/2336\/revisions"}],"predecessor-version":[{"id":2347,"href":"https:\/\/evolving-youth.com\/lv\/wp-json\/wp\/v2\/pages\/2336\/revisions\/2347"}],"wp:featuredmedia":[{"embeddable":true,"href":"https:\/\/evolving-youth.com\/lv\/wp-json\/wp\/v2\/media\/2274"}],"wp:attachment":[{"href":"https:\/\/evolving-youth.com\/lv\/wp-json\/wp\/v2\/media?parent=2336"}],"curies":[{"name":"wp","href":"https:\/\/api.w.org\/{rel}","templated":true}]}}