{"id":184,"date":"2019-11-10T21:04:34","date_gmt":"2019-11-10T21:04:34","guid":{"rendered":"http:\/\/evolving-youth.com\/?page_id=184"},"modified":"2020-02-13T17:54:11","modified_gmt":"2020-02-13T17:54:11","slug":"informative-events","status":"publish","type":"page","link":"https:\/\/evolving-youth.com\/lv\/informative-events\/","title":{"rendered":"Informat\u012bvi pas\u0101kumi"},"content":{"rendered":"<p><strong>Visiting Carnikava Primary school<\/strong><\/p>\n\n\n\n<p>On the 6th of February, we visited Carnikava Primary school in order to inform the students about the opportunities of Erasmus plus programme.<\/p>\n\n\n\n<p>Students also participated in a workshop from one of the latest training courses organized by Evolving YOUth to get an insight into how the educational process is organized in such activities.<\/p>\n\n\n\n<div class=\"wp-block-envira-envira-gallery\"><div id=\"envira-gallery-wrap-432\" class=\"envira-gallery-wrap envira-gallery-theme-base envira-lightbox-theme-base\" itemscope itemtype=\"https:\/\/schema.org\/ImageGallery\"><div data-row-height=\"150\" data-gallery-theme=\"normal\" id=\"envira-gallery-432\" class=\"envira-gallery-public envira-gallery-justified-public envira-gallery-0-columns envira-clear enviratope envira-gallery-css-animations\" data-envira-columns=\"0\"><div id=\"envira-gallery-item-422\" class=\"envira-gallery-item enviratope-item envira-gallery-item-1 envira-lazy-load\" style=\"padding-left: 1px; padding-bottom: 1px; padding-right: 1px;\"  itemscope itemtype=\"https:\/\/schema.org\/ImageObject\"><div class=\"envira-gallery-item-inner\"><div class=\"envira-gallery-position-overlay  envira-gallery-top-left\"><\/div><div class=\"envira-gallery-position-overlay  envira-gallery-top-right\"><\/div><div class=\"envira-gallery-position-overlay  envira-gallery-bottom-left\"><\/div><div class=\"envira-gallery-position-overlay  envira-gallery-bottom-right\"><\/div><a href=\"http:\/\/evolving-youth.com\/wp-content\/uploads\/2020\/02\/83499235_2297398640360801_2167509366809296896_n.jpg\" class=\"envira-gallery-432 envira-gallery-link\" rel=\"enviragallery432\" title=\"83499235_2297398640360801_2167509366809296896_n\" data-envira-caption=\"83499235_2297398640360801_2167509366809296896_n\" data-envira-retina=\"\" data-thumbnail=\"\"  itemprop=\"contentUrl\"><img decoding=\"async\" id=\"envira-gallery-image-422\" class=\"envira-gallery-image envira-gallery-image-1 envira-normal envira-lazy\" data-envira-index=\"1\" src=\"https:\/\/evolving-youth.com\/wp-content\/uploads\/2020\/02\/83499235_2297398640360801_2167509366809296896_n.jpg\" data-envira-src=\"https:\/\/evolving-youth.com\/wp-content\/uploads\/2020\/02\/83499235_2297398640360801_2167509366809296896_n.jpg\" data-envira-gallery-id=\"432\" data-envira-item-id=\"422\" data-envira-caption=\"83499235_2297398640360801_2167509366809296896_n\" alt=\"\" title=\"83499235_2297398640360801_2167509366809296896_n\"  itemprop=\"thumbnailUrl\" data-envira-srcset=\"https:\/\/evolving-youth.com\/wp-content\/uploads\/2020\/02\/83499235_2297398640360801_2167509366809296896_n.jpg 400w,https:\/\/evolving-youth.com\/wp-content\/uploads\/2020\/02\/83499235_2297398640360801_2167509366809296896_n.jpg 2x\" data-envira-width=\"300\" data-envira-height=\"225\" srcset=\"data:image\/gif;base64,R0lGODlhAQABAIAAAP\/\/\/\/\/\/\/yH5BAEKAAEALAAAAAABAAEAAAICTAEAOw==\" data-safe-src=\"data:image\/gif;base64,R0lGODlhAQABAIAAAP\/\/\/\/\/\/\/yH5BAEKAAEALAAAAAABAAEAAAICTAEAOw==\" \/><\/a><\/div><\/div><div id=\"envira-gallery-item-424\" class=\"envira-gallery-item enviratope-item envira-gallery-item-2 envira-lazy-load\" style=\"padding-left: 1px; padding-bottom: 1px; padding-right: 1px;\"  itemscope itemtype=\"https:\/\/schema.org\/ImageObject\"><div class=\"envira-gallery-item-inner\"><div class=\"envira-gallery-position-overlay  envira-gallery-top-left\"><\/div><div class=\"envira-gallery-position-overlay  envira-gallery-top-right\"><\/div><div class=\"envira-gallery-position-overlay  envira-gallery-bottom-left\"><\/div><div class=\"envira-gallery-position-overlay  envira-gallery-bottom-right\"><\/div><a href=\"http:\/\/evolving-youth.com\/wp-content\/uploads\/2020\/02\/84459804_1111067315903548_6673312192143556608_n.jpg\" class=\"envira-gallery-432 envira-gallery-link\" rel=\"enviragallery432\" title=\"84459804_1111067315903548_6673312192143556608_n\" data-envira-caption=\"84459804_1111067315903548_6673312192143556608_n\" data-envira-retina=\"\" data-thumbnail=\"\"  itemprop=\"contentUrl\"><img decoding=\"async\" id=\"envira-gallery-image-424\" class=\"envira-gallery-image envira-gallery-image-2 envira-normal envira-lazy\" data-envira-index=\"2\" src=\"https:\/\/evolving-youth.com\/wp-content\/uploads\/2020\/02\/84459804_1111067315903548_6673312192143556608_n.jpg\" data-envira-src=\"https:\/\/evolving-youth.com\/wp-content\/uploads\/2020\/02\/84459804_1111067315903548_6673312192143556608_n.jpg\" data-envira-gallery-id=\"432\" data-envira-item-id=\"424\" data-envira-caption=\"84459804_1111067315903548_6673312192143556608_n\" alt=\"\" title=\"84459804_1111067315903548_6673312192143556608_n\"  itemprop=\"thumbnailUrl\" data-envira-srcset=\"https:\/\/evolving-youth.com\/wp-content\/uploads\/2020\/02\/84459804_1111067315903548_6673312192143556608_n.jpg 400w,https:\/\/evolving-youth.com\/wp-content\/uploads\/2020\/02\/84459804_1111067315903548_6673312192143556608_n.jpg 2x\" data-envira-width=\"300\" data-envira-height=\"225\" srcset=\"data:image\/gif;base64,R0lGODlhAQABAIAAAP\/\/\/\/\/\/\/yH5BAEKAAEALAAAAAABAAEAAAICTAEAOw==\" data-safe-src=\"data:image\/gif;base64,R0lGODlhAQABAIAAAP\/\/\/\/\/\/\/yH5BAEKAAEALAAAAAABAAEAAAICTAEAOw==\" \/><\/a><\/div><\/div><div id=\"envira-gallery-item-423\" class=\"envira-gallery-item enviratope-item envira-gallery-item-3 envira-lazy-load\" style=\"padding-left: 1px; padding-bottom: 1px; padding-right: 1px;\"  itemscope itemtype=\"https:\/\/schema.org\/ImageObject\"><div class=\"envira-gallery-item-inner\"><div class=\"envira-gallery-position-overlay  envira-gallery-top-left\"><\/div><div class=\"envira-gallery-position-overlay  envira-gallery-top-right\"><\/div><div class=\"envira-gallery-position-overlay  envira-gallery-bottom-left\"><\/div><div class=\"envira-gallery-position-overlay  envira-gallery-bottom-right\"><\/div><a href=\"http:\/\/evolving-youth.com\/wp-content\/uploads\/2020\/02\/84388272_470107747230035_7558664462639562752_n.jpg\" class=\"envira-gallery-432 envira-gallery-link\" rel=\"enviragallery432\" title=\"84388272_470107747230035_7558664462639562752_n\" data-envira-caption=\"84388272_470107747230035_7558664462639562752_n\" data-envira-retina=\"\" data-thumbnail=\"\"  itemprop=\"contentUrl\"><img decoding=\"async\" id=\"envira-gallery-image-423\" class=\"envira-gallery-image envira-gallery-image-3 envira-normal envira-lazy\" data-envira-index=\"3\" src=\"https:\/\/evolving-youth.com\/wp-content\/uploads\/2020\/02\/84388272_470107747230035_7558664462639562752_n.jpg\" data-envira-src=\"https:\/\/evolving-youth.com\/wp-content\/uploads\/2020\/02\/84388272_470107747230035_7558664462639562752_n.jpg\" data-envira-gallery-id=\"432\" data-envira-item-id=\"423\" data-envira-caption=\"84388272_470107747230035_7558664462639562752_n\" alt=\"\" title=\"84388272_470107747230035_7558664462639562752_n\"  itemprop=\"thumbnailUrl\" data-envira-srcset=\"https:\/\/evolving-youth.com\/wp-content\/uploads\/2020\/02\/84388272_470107747230035_7558664462639562752_n.jpg 400w,https:\/\/evolving-youth.com\/wp-content\/uploads\/2020\/02\/84388272_470107747230035_7558664462639562752_n.jpg 2x\" data-envira-width=\"300\" data-envira-height=\"225\" srcset=\"data:image\/gif;base64,R0lGODlhAQABAIAAAP\/\/\/\/\/\/\/yH5BAEKAAEALAAAAAABAAEAAAICTAEAOw==\" data-safe-src=\"data:image\/gif;base64,R0lGODlhAQABAIAAAP\/\/\/\/\/\/\/yH5BAEKAAEALAAAAAABAAEAAAICTAEAOw==\" \/><\/a><\/div><\/div><div id=\"envira-gallery-item-421\" class=\"envira-gallery-item enviratope-item envira-gallery-item-4 envira-lazy-load\" style=\"padding-left: 1px; padding-bottom: 1px; padding-right: 1px;\"  itemscope itemtype=\"https:\/\/schema.org\/ImageObject\"><div class=\"envira-gallery-item-inner\"><div class=\"envira-gallery-position-overlay  envira-gallery-top-left\"><\/div><div class=\"envira-gallery-position-overlay  envira-gallery-top-right\"><\/div><div class=\"envira-gallery-position-overlay  envira-gallery-bottom-left\"><\/div><div class=\"envira-gallery-position-overlay  envira-gallery-bottom-right\"><\/div><a href=\"http:\/\/evolving-youth.com\/wp-content\/uploads\/2020\/02\/82326401_1015618238817075_6484839393583431680_n.jpg\" class=\"envira-gallery-432 envira-gallery-link\" rel=\"enviragallery432\" title=\"82326401_1015618238817075_6484839393583431680_n\" data-envira-caption=\"82326401_1015618238817075_6484839393583431680_n\" data-envira-retina=\"\" data-thumbnail=\"\"  itemprop=\"contentUrl\"><img decoding=\"async\" id=\"envira-gallery-image-421\" class=\"envira-gallery-image envira-gallery-image-4 envira-normal envira-lazy\" data-envira-index=\"4\" src=\"https:\/\/evolving-youth.com\/wp-content\/uploads\/2020\/02\/82326401_1015618238817075_6484839393583431680_n.jpg\" data-envira-src=\"https:\/\/evolving-youth.com\/wp-content\/uploads\/2020\/02\/82326401_1015618238817075_6484839393583431680_n.jpg\" data-envira-gallery-id=\"432\" data-envira-item-id=\"421\" data-envira-caption=\"82326401_1015618238817075_6484839393583431680_n\" alt=\"\" title=\"82326401_1015618238817075_6484839393583431680_n\"  itemprop=\"thumbnailUrl\" data-envira-srcset=\"https:\/\/evolving-youth.com\/wp-content\/uploads\/2020\/02\/82326401_1015618238817075_6484839393583431680_n.jpg 400w,https:\/\/evolving-youth.com\/wp-content\/uploads\/2020\/02\/82326401_1015618238817075_6484839393583431680_n.jpg 2x\" data-envira-width=\"300\" data-envira-height=\"225\" srcset=\"data:image\/gif;base64,R0lGODlhAQABAIAAAP\/\/\/\/\/\/\/yH5BAEKAAEALAAAAAABAAEAAAICTAEAOw==\" data-safe-src=\"data:image\/gif;base64,R0lGODlhAQABAIAAAP\/\/\/\/\/\/\/yH5BAEKAAEALAAAAAABAAEAAAICTAEAOw==\" \/><\/a><\/div><\/div><\/div><\/div><noscript><img decoding=\"async\" src=\"https:\/\/evolving-youth.com\/wp-content\/uploads\/2020\/02\/83499235_2297398640360801_2167509366809296896_n.jpg\" alt=\"\" \/><img decoding=\"async\" src=\"https:\/\/evolving-youth.com\/wp-content\/uploads\/2020\/02\/84459804_1111067315903548_6673312192143556608_n.jpg\" alt=\"\" \/><img decoding=\"async\" src=\"https:\/\/evolving-youth.com\/wp-content\/uploads\/2020\/02\/84388272_470107747230035_7558664462639562752_n.jpg\" alt=\"\" \/><img decoding=\"async\" src=\"https:\/\/evolving-youth.com\/wp-content\/uploads\/2020\/02\/82326401_1015618238817075_6484839393583431680_n.jpg\" alt=\"\" \/><\/noscript><\/div>\n\n\n\n<p><strong>PromotE U&amp;me <\/strong><\/p>\n\n\n\n<p>On 16\/05\/19 &#8220;Evolving YOUth&#8221; participated in the contact-making event &#8220;promotE U &amp; me&#8221;, which took place in the European Union House in Riga and was organized by the Latvian Association for Youth Activists (LAYA). Participating NGOs were from France, Italy, Portugal, Poland, Sweden, Lithuania, Estonia, Spain, Hungary, Turkey, Latvia, Netherlands. Within this event, NGOs had an opportunity to present themselves and exchange contacts for future collaboration.   <\/p>\n\n\n\n<ul class=\"wp-block-gallery columns-3 is-cropped wp-block-gallery-1 is-layout-flex wp-block-gallery-is-layout-flex\"><li class=\"blocks-gallery-item\"><figure><img fetchpriority=\"high\" decoding=\"async\" width=\"1024\" height=\"701\" src=\"http:\/\/evolving-youth.com\/wp-content\/uploads\/2019\/11\/61055601_2433572243593988_8318105639389757440_o-1024x701.jpg\" alt=\"\" data-id=\"200\" data-link=\"http:\/\/evolving-youth.com\/informative-events\/61055601_2433572243593988_8318105639389757440_o\/\" class=\"wp-image-200\" srcset=\"https:\/\/evolving-youth.com\/wp-content\/uploads\/2019\/11\/61055601_2433572243593988_8318105639389757440_o-1024x701.jpg 1024w, https:\/\/evolving-youth.com\/wp-content\/uploads\/2019\/11\/61055601_2433572243593988_8318105639389757440_o-300x205.jpg 300w, https:\/\/evolving-youth.com\/wp-content\/uploads\/2019\/11\/61055601_2433572243593988_8318105639389757440_o-768x526.jpg 768w, https:\/\/evolving-youth.com\/wp-content\/uploads\/2019\/11\/61055601_2433572243593988_8318105639389757440_o-1600x1096.jpg 1600w, https:\/\/evolving-youth.com\/wp-content\/uploads\/2019\/11\/61055601_2433572243593988_8318105639389757440_o.jpg 1825w\" sizes=\"(max-width: 1024px) 100vw, 1024px\" \/><\/figure><\/li><li class=\"blocks-gallery-item\"><figure><img decoding=\"async\" width=\"1024\" height=\"611\" src=\"http:\/\/evolving-youth.com\/wp-content\/uploads\/2019\/11\/61208171_2433572200260659_5609325578902568960_o-1024x611.jpg\" alt=\"\" data-id=\"201\" data-link=\"http:\/\/evolving-youth.com\/informative-events\/61208171_2433572200260659_5609325578902568960_o\/\" class=\"wp-image-201\" srcset=\"https:\/\/evolving-youth.com\/wp-content\/uploads\/2019\/11\/61208171_2433572200260659_5609325578902568960_o-1024x611.jpg 1024w, https:\/\/evolving-youth.com\/wp-content\/uploads\/2019\/11\/61208171_2433572200260659_5609325578902568960_o-300x179.jpg 300w, https:\/\/evolving-youth.com\/wp-content\/uploads\/2019\/11\/61208171_2433572200260659_5609325578902568960_o-768x458.jpg 768w, https:\/\/evolving-youth.com\/wp-content\/uploads\/2019\/11\/61208171_2433572200260659_5609325578902568960_o-1600x955.jpg 1600w, https:\/\/evolving-youth.com\/wp-content\/uploads\/2019\/11\/61208171_2433572200260659_5609325578902568960_o.jpg 1980w\" sizes=\"(max-width: 1024px) 100vw, 1024px\" \/><\/figure><\/li><li class=\"blocks-gallery-item\"><figure><img decoding=\"async\" width=\"1024\" height=\"684\" src=\"http:\/\/evolving-youth.com\/wp-content\/uploads\/2019\/11\/61258668_2433572226927323_5433763052602261504_o-1024x684.jpg\" alt=\"\" data-id=\"202\" data-link=\"http:\/\/evolving-youth.com\/informative-events\/61258668_2433572226927323_5433763052602261504_o\/\" class=\"wp-image-202\" srcset=\"https:\/\/evolving-youth.com\/wp-content\/uploads\/2019\/11\/61258668_2433572226927323_5433763052602261504_o-1024x684.jpg 1024w, https:\/\/evolving-youth.com\/wp-content\/uploads\/2019\/11\/61258668_2433572226927323_5433763052602261504_o-300x201.jpg 300w, https:\/\/evolving-youth.com\/wp-content\/uploads\/2019\/11\/61258668_2433572226927323_5433763052602261504_o-768x513.jpg 768w, https:\/\/evolving-youth.com\/wp-content\/uploads\/2019\/11\/61258668_2433572226927323_5433763052602261504_o-1600x1070.jpg 1600w, https:\/\/evolving-youth.com\/wp-content\/uploads\/2019\/11\/61258668_2433572226927323_5433763052602261504_o.jpg 1870w\" sizes=\"(max-width: 1024px) 100vw, 1024px\" \/><\/figure><\/li><\/ul>\n\n\n\n<p><\/p>\n\n\n\n<p><\/p>\n\n\n\n<p><\/p>\n\n\n\n<p><strong>The dissemination events for<\/strong> <strong>&#8220;Overcoming barriers: training on migration for youth workers&#8221;.<\/strong><\/p>\n\n\n\n<p>As the main activity of the project &#8220;Overcoming barriers: training for youth workers&#8221; ended, &#8220;Evolving YOUth&#8221; organized two local events, on May 17th and June 30th.<br>The first event was attended by members of The Center for Management and Entrepreneurship (Biznesa un Uz\u0146\u0113m\u0113jdarb\u012bbas Centrs).<\/p>\n\n\n\n<p>The Center for Management and Entrepreneurship provides representatives of private, state and municipal authorities with modern knowledge and skills that not only survive but also evolve&nbsp;in complex business environments, as well as market-driven, public-interest-oriented qualification and business and management education areas. The center also provides young people with consultations regarding career choices, educational activities and assists in business plan writing.<\/p>\n\n\n\n<p>The second event was attended by local youth and young activists.<\/p>\n\n\n\n<p>The participants of the event were introduced with the progress of the project, the main activities, the methodology used and the objectives achieved. Participants were also informed about the many opportunities offered by the Erasmus plus program and how to participate.<\/p>\n\n\n\n<ul class=\"wp-block-gallery aligncenter columns-2 is-cropped wp-block-gallery-2 is-layout-flex wp-block-gallery-is-layout-flex\"><li class=\"blocks-gallery-item\"><figure><img loading=\"lazy\" decoding=\"async\" width=\"800\" height=\"450\" src=\"http:\/\/evolving-youth.com\/wp-content\/uploads\/2019\/11\/67802930_2488183294799549_7035451078489407488_n.jpg\" alt=\"\" data-id=\"193\" class=\"wp-image-193\" srcset=\"https:\/\/evolving-youth.com\/wp-content\/uploads\/2019\/11\/67802930_2488183294799549_7035451078489407488_n.jpg 800w, https:\/\/evolving-youth.com\/wp-content\/uploads\/2019\/11\/67802930_2488183294799549_7035451078489407488_n-300x169.jpg 300w, https:\/\/evolving-youth.com\/wp-content\/uploads\/2019\/11\/67802930_2488183294799549_7035451078489407488_n-768x432.jpg 768w\" sizes=\"(max-width: 800px) 100vw, 800px\" \/><\/figure><\/li><li class=\"blocks-gallery-item\"><figure><img loading=\"lazy\" decoding=\"async\" width=\"750\" height=\"563\" src=\"http:\/\/evolving-youth.com\/wp-content\/uploads\/2019\/11\/67744239_2488183588132853_8019761542968901632_n.jpg\" alt=\"\" data-id=\"194\" data-link=\"http:\/\/evolving-youth.com\/informative-events\/67744239_2488183588132853_8019761542968901632_n\/\" class=\"wp-image-194\" srcset=\"https:\/\/evolving-youth.com\/wp-content\/uploads\/2019\/11\/67744239_2488183588132853_8019761542968901632_n.jpg 750w, https:\/\/evolving-youth.com\/wp-content\/uploads\/2019\/11\/67744239_2488183588132853_8019761542968901632_n-300x225.jpg 300w\" sizes=\"(max-width: 750px) 100vw, 750px\" \/><\/figure><\/li><\/ul>","protected":false},"excerpt":{"rendered":"<p>Visiting Carnikava Primary school On the 6th of February, we visited Carnikava Primary school in order to inform the students about the opportunities of Erasmus plus programme. Students also participated in a workshop from one of the latest training courses organized by Evolving YOUth to get an insight into how [&hellip;]<\/p>\n","protected":false},"author":1,"featured_media":0,"parent":0,"menu_order":35,"comment_status":"closed","ping_status":"closed","template":"","meta":{"footnotes":""},"class_list":["post-184","page","type-page","status-publish","hentry"],"rttpg_featured_image_url":null,"rttpg_author":{"display_name":"evolvingyouth1","author_link":"https:\/\/evolving-youth.com\/lv\/author\/evolvingyouth1\/"},"rttpg_comment":0,"rttpg_category":null,"rttpg_excerpt":"Visiting Carnikava Primary school On the 6th of February, we visited Carnikava Primary school in order to inform the students about the opportunities of Erasmus plus programme. Students also participated in a workshop from one of the latest training courses organized by Evolving YOUth to get an insight into how [&hellip;]","_links":{"self":[{"href":"https:\/\/evolving-youth.com\/lv\/wp-json\/wp\/v2\/pages\/184"}],"collection":[{"href":"https:\/\/evolving-youth.com\/lv\/wp-json\/wp\/v2\/pages"}],"about":[{"href":"https:\/\/evolving-youth.com\/lv\/wp-json\/wp\/v2\/types\/page"}],"author":[{"embeddable":true,"href":"https:\/\/evolving-youth.com\/lv\/wp-json\/wp\/v2\/users\/1"}],"replies":[{"embeddable":true,"href":"https:\/\/evolving-youth.com\/lv\/wp-json\/wp\/v2\/comments?post=184"}],"version-history":[{"count":10,"href":"https:\/\/evolving-youth.com\/lv\/wp-json\/wp\/v2\/pages\/184\/revisions"}],"predecessor-version":[{"id":433,"href":"https:\/\/evolving-youth.com\/lv\/wp-json\/wp\/v2\/pages\/184\/revisions\/433"}],"wp:attachment":[{"href":"https:\/\/evolving-youth.com\/lv\/wp-json\/wp\/v2\/media?parent=184"}],"curies":[{"name":"wp","href":"https:\/\/api.w.org\/{rel}","templated":true}]}}