{"id":1633,"date":"2022-10-10T10:57:09","date_gmt":"2022-10-10T09:57:09","guid":{"rendered":"https:\/\/evolving-youth.com\/?page_id=1633"},"modified":"2022-10-10T10:58:03","modified_gmt":"2022-10-10T09:58:03","slug":"european-solidarity-corps","status":"publish","type":"page","link":"https:\/\/evolving-youth.com\/lv\/european-solidarity-corps\/","title":{"rendered":"Eiropas solidarit\u0101tes korpuss"},"content":{"rendered":"<p>Esi vecum\u0101 no 18 l\u012bdz 30 gadiem un mekl\u0113 iesp\u0113ju pal\u012bdz\u0113t pla\u0161\u0101kai sabiedr\u012bbai? <\/p>\n\n\n\n<p>Eiropas solidarit\u0101tes korpuss \u013cauj piedal\u012bties da\u017e\u0101dos projektos, kas ietver: <\/p>\n\n\n\n<p>Kopum\u0101 tu vari iesaist\u012bties:&nbsp;<\/p>\n\n\n\n<ul class=\"wp-block-list\"><li><a href=\"https:\/\/youth.europa.eu\/solidarity\/young-people\/volunteering_en\">Br\u012bvpr\u0101t\u012bgaj\u0101 darb\u0101<\/a> (2 ned\u0113\u013cas - 2 m\u0113ne\u0161i)<\/li><li><a href=\"https:\/\/youth.europa.eu\/solidarity\/young-people\/solidarity-projects_en\">Viet\u0113jie solidarit\u0101tes projekti<\/a>&nbsp;(2 - 12 m\u0113ne\u0161i)<\/li><li><a href=\"https:\/\/youth.europa.eu\/solidarity\/young-people\/volunteering-humanitarian-aid_en\">Br\u012bvpr\u0101t\u012bgais darbs hum\u0101n\u0101s pal\u012bdz\u012bbas jom\u0101&nbsp;<\/a>(European Voluntary Humanitarian Aid Corps)*<\/li><\/ul>\n\n\n\n<p>Eiropas Solidarit\u0101tes korpusa finans\u0113jums tiek nodro\u0161in\u0101ts k\u0101 dot\u0101cijas organiz\u0101cij\u0101m, izmantojot uzaicin\u0101jumu iesniegt priek\u0161likumus.&nbsp;<\/p>\n\n\n\n<p>Jaunie\u0161iem, kas v\u0113las iesaist\u012bties \u0161\u0101d\u0101s aktivit\u0101t\u0113s,&nbsp;<a href=\"https:\/\/europa.eu\/youth\/solidarity\/register_en\">j\u0101piere\u0123istr\u0113jas Eiropas solidarit\u0101tes korpusa port\u0101l\u0101.<\/a>Eiropas Solidarit\u0101tes korpusa port\u0101ls pied\u0101v\u0101 vietu tiem jaunie\u0161iem un organiz\u0101cij\u0101m, kur\u0101m ir dot\u0101cijas, \u012bstenot aktivit\u0101tes un atrast vienam otru. &nbsp;<\/p>\n\n\n\n<p><\/p>\n\n\n\n<p>Vair\u0101k inform\u0101cijas: <\/p>\n\n\n\n<p><a href=\"https:\/\/youth.europa.eu\/solidarity_en\">https:\/\/youth.europa.eu\/solidarity_en<\/a><\/p>\n\n\n\n<p><br><br><br><br><\/p>","protected":false},"excerpt":{"rendered":"<p>If you are 18 to 30 years old and looking for opportunity to help wider community? European solidarity corps allow you to participate in wide range of projects that include: Broadly, you can get involved in:&nbsp; volunteering (2 weeks -12 months) local Solidarity Projects&nbsp;(2-12 months) Humanitarian aid volunteering&nbsp;(European Voluntary Humanitarian [&hellip;]<\/p>\n","protected":false},"author":1,"featured_media":0,"parent":0,"menu_order":7,"comment_status":"closed","ping_status":"closed","template":"","meta":{"footnotes":""},"class_list":["post-1633","page","type-page","status-publish","hentry"],"rttpg_featured_image_url":null,"rttpg_author":{"display_name":"evolvingyouth1","author_link":"https:\/\/evolving-youth.com\/lv\/author\/evolvingyouth1\/"},"rttpg_comment":0,"rttpg_category":null,"rttpg_excerpt":"If you are 18 to 30 years old and looking for opportunity to help wider community? European solidarity corps allow you to participate in wide range of projects that include: Broadly, you can get involved in:&nbsp; volunteering (2 weeks -12 months) local Solidarity Projects&nbsp;(2-12 months) Humanitarian aid volunteering&nbsp;(European Voluntary Humanitarian [&hellip;]","_links":{"self":[{"href":"https:\/\/evolving-youth.com\/lv\/wp-json\/wp\/v2\/pages\/1633"}],"collection":[{"href":"https:\/\/evolving-youth.com\/lv\/wp-json\/wp\/v2\/pages"}],"about":[{"href":"https:\/\/evolving-youth.com\/lv\/wp-json\/wp\/v2\/types\/page"}],"author":[{"embeddable":true,"href":"https:\/\/evolving-youth.com\/lv\/wp-json\/wp\/v2\/users\/1"}],"replies":[{"embeddable":true,"href":"https:\/\/evolving-youth.com\/lv\/wp-json\/wp\/v2\/comments?post=1633"}],"version-history":[{"count":2,"href":"https:\/\/evolving-youth.com\/lv\/wp-json\/wp\/v2\/pages\/1633\/revisions"}],"predecessor-version":[{"id":1636,"href":"https:\/\/evolving-youth.com\/lv\/wp-json\/wp\/v2\/pages\/1633\/revisions\/1636"}],"wp:attachment":[{"href":"https:\/\/evolving-youth.com\/lv\/wp-json\/wp\/v2\/media?parent=1633"}],"curies":[{"name":"wp","href":"https:\/\/api.w.org\/{rel}","templated":true}]}}