{"id":1629,"date":"2022-10-10T10:41:21","date_gmt":"2022-10-10T09:41:21","guid":{"rendered":"https:\/\/evolving-youth.com\/?page_id=1629"},"modified":"2022-10-10T14:28:30","modified_gmt":"2022-10-10T13:28:30","slug":"erasmus-for-young-entrepreneurs","status":"publish","type":"page","link":"https:\/\/evolving-youth.com\/lv\/erasmus-for-young-entrepreneurs\/","title":{"rendered":"Erasmus for young entrepreneurs"},"content":{"rendered":"<p>Vai tev ir biznesa ideja, bet tev nepiecie\u0161ams padoms k\u0101 uzs\u0101kt biznesu? Vai tu jau esi uzs\u0101cis savu biznesu (ne ilg\u0101k par 3 gadiem) un tev nepiecie\u0161ams ieg\u016bt vair\u0101k zin\u0101\u0161anu no pieredz\u0113ju\u0161\u0101ka uz\u0146\u0113m\u0113ja? <\/p>\n\n\n\n<p>Tad \u0161\u012b programma ir dom\u0101ta tev <\/p>\n\n\n\n<h3 class=\"wp-block-heading\">Ieguvumi<\/h3>\n\n\n\n<p>K\u0101&nbsp;<strong>Jaunais uz\u0146\u0113m\u0113js<\/strong>j\u016bs b\u016bsiet ieguv\u0113js no apm\u0101c\u012bbas darbaviet\u0101\u2014 maz\u0101 vai vid\u0113j\u0101 uz\u0146\u0113mum\u0101 jebkur\u0101 valst\u012b, kas piedal\u0101s programm\u0101. T\u0101 \u013caus ar maz\u0101kiem sare\u017e\u0123\u012bjumiem sekm\u012bgi uzs\u0101kt uz\u0146\u0113m\u0113jdarb\u012bbu vai stiprin\u0101s j\u016bsu jauno uz\u0146\u0113mumu. J\u016bs varat g\u016bt labumu ar\u012b no piek\u013cuves jauniem tirgiem, starptautiskajai sadarb\u012bbai un potenci\u0101l\u0101m sadarb\u012bbas iesp\u0113j\u0101m ar uz\u0146\u0113m\u0113jdarb\u012bbas partneriem \u0101rvalst\u012bs.<\/p>\n\n\n\n<p>K\u0101&nbsp;<strong>Uz\u0146emo\u0161ais uz\u0146\u0113m\u0113js<\/strong>j\u016bsu ieguvums var b\u016bt jaunas idejas, ko j\u016bsu uz\u0146\u0113mum\u0101 ienes motiv\u0113ts jaunais uz\u0146\u0113m\u0113js. Vi\u0146am var b\u016bt \u012bpa\u0161as prasmes vai zin\u0101\u0161anas t\u0101d\u0101 jom\u0101, kuru j\u016bs nep\u0101rzin\u0101t, kas var papildin\u0101t j\u016bsu pieredzi. Liel\u0101k\u0101 da\u013ca uz\u0146emo\u0161o uz\u0146\u0113m\u0113ju bija tik apmierin\u0101ti ar g\u016bto pieredzi, ka p\u0113c tam nol\u0113ma uz\u0146emt pie sevis citus jaunos uz\u0146\u0113m\u0113jus.<\/p>\n\n\n\n<p>Programmu \"Erasmus jaunajiem uz\u0146\u0113m\u0113jiem\u201d finans\u0113&nbsp;<a href=\"http:\/\/ec.europa.eu\/index_en.htm\" target=\"_blank\" rel=\"noreferrer noopener\">Eiropas Komisija,<\/a>&nbsp;un t\u0101 darboj\u0101s vis\u0101s valst\u012bs, kas piedal\u0101s programm\u0101 un t\u0101s darb\u012bb\u0101 pal\u012bdz&nbsp;<a href=\"https:\/\/www.erasmus-entrepreneurs.eu\/page.php?cid=05\" target=\"_blank\" rel=\"noreferrer noopener\">viet\u0113jie kontaktpunkti,<\/a>kuru kompetenc\u0113 ir uz\u0146\u0113m\u0113jdarb\u012bbas atbalsts (piem\u0113ram, tirdzniec\u012bbas kameras, jaunu uz\u0146\u0113mumu dibin\u0101\u0161anas centri, inkubatori utt.). Eiropas l\u012bmen\u012b to darb\u012bbu koordin\u0113&nbsp;<a href=\"http:\/\/www.eurochambres.eu\/\" target=\"_blank\" rel=\"noreferrer noopener\">.<\/a>&nbsp;programmas atbalsta birojs<\/p>\n\n\n\n<p>Pietiek\u0161an\u0101s un dal\u012bba programm\u0101 ir bezmaksas. Programm\u0101 var piedal\u012bties vienu reizi<\/p>\n\n\n\n<p><\/p>\n\n\n\n<p>Vair\u0101k inform\u0101cijas: <\/p>\n\n\n\n<p><a href=\"https:\/\/www.erasmus-entrepreneurs.eu\/\">https:\/\/www.erasmus-entrepreneurs.eu\/<\/a><\/p>","protected":false},"excerpt":{"rendered":"<p>Do you have your business idea, but you need guidance on how to start? or you have recently started your own business (less than 3 years) and you need to gain more knowledge from more experienced business owner? Then this programme is for you Benefits As a&nbsp;new entrepreneur, you will [&hellip;]<\/p>\n","protected":false},"author":1,"featured_media":0,"parent":0,"menu_order":6,"comment_status":"closed","ping_status":"closed","template":"","meta":{"footnotes":""},"class_list":["post-1629","page","type-page","status-publish","hentry"],"rttpg_featured_image_url":null,"rttpg_author":{"display_name":"evolvingyouth1","author_link":"https:\/\/evolving-youth.com\/lv\/author\/evolvingyouth1\/"},"rttpg_comment":0,"rttpg_category":null,"rttpg_excerpt":"Do you have your business idea, but you need guidance on how to start? or you have recently started your own business (less than 3 years) and you need to gain more knowledge from more experienced business owner? Then this programme is for you Benefits As a&nbsp;new entrepreneur, you will [&hellip;]","_links":{"self":[{"href":"https:\/\/evolving-youth.com\/lv\/wp-json\/wp\/v2\/pages\/1629"}],"collection":[{"href":"https:\/\/evolving-youth.com\/lv\/wp-json\/wp\/v2\/pages"}],"about":[{"href":"https:\/\/evolving-youth.com\/lv\/wp-json\/wp\/v2\/types\/page"}],"author":[{"embeddable":true,"href":"https:\/\/evolving-youth.com\/lv\/wp-json\/wp\/v2\/users\/1"}],"replies":[{"embeddable":true,"href":"https:\/\/evolving-youth.com\/lv\/wp-json\/wp\/v2\/comments?post=1629"}],"version-history":[{"count":2,"href":"https:\/\/evolving-youth.com\/lv\/wp-json\/wp\/v2\/pages\/1629\/revisions"}],"predecessor-version":[{"id":1654,"href":"https:\/\/evolving-youth.com\/lv\/wp-json\/wp\/v2\/pages\/1629\/revisions\/1654"}],"wp:attachment":[{"href":"https:\/\/evolving-youth.com\/lv\/wp-json\/wp\/v2\/media?parent=1629"}],"curies":[{"name":"wp","href":"https:\/\/api.w.org\/{rel}","templated":true}]}}