{"id":1624,"date":"2022-10-10T10:28:51","date_gmt":"2022-10-10T09:28:51","guid":{"rendered":"https:\/\/evolving-youth.com\/?page_id=1624"},"modified":"2022-10-10T10:34:02","modified_gmt":"2022-10-10T09:34:02","slug":"discover-eu","status":"publish","type":"page","link":"https:\/\/evolving-youth.com\/lv\/discover-eu\/","title":{"rendered":"Discover EU"},"content":{"rendered":"<p>Tev ir <strong>18 gadi<\/strong> un tu v\u0113lies apce\u013cot <strong>Eiropu ar vilcienu<\/strong> <strong>?<\/strong>?  <\/p>\n\n\n\n<p>Tad \u0161\u012b programma ir dom\u0101ta tie\u0161i tev- tu vari atkl\u0101t Eiropas fanatstisk\u0101s ainavas un pils\u0113tu da\u017e\u0101d\u012bbu. Tu vari pieteikties k\u0101d\u0101 no diviem termi\u0146iem, kas tiek izsludin\u0101ti katru gadu.<\/p>\n\n\n\n<p><\/p>\n\n\n\n<p>K\u0101 18\u00a0gadus vecam Eiropas Savien\u012bbas vai programmas Erasmus+ asoci\u0113t\u0101s tre\u0161\u0101s valsts iedz\u012bvot\u0101jam, piem\u0113ram, Islandei, Lihten\u0161teinai, Zieme\u013cma\u0137edonijai, Norv\u0113\u0123ijai, Serbijai un Turcijai, DiscoverEU pied\u0101v\u0101 iesp\u0113ju piedal\u012bties ce\u013cojumu pieredz\u0113, kas \u013caus tev izp\u0113t\u012bt Eiropas daudzveid\u012bbu, uzzin\u0101t par t\u0101s kult\u016bras mantojumu un v\u0113sturi, k\u0101 ar\u012b satikties ar cilv\u0113kiem no visa kontinenta. Turkl\u0101t DiscoverEU \u013cauj jums k\u0101 jaunam cilv\u0113kam att\u012bst\u012bt dz\u012bves prasmes, kas ir v\u0113rt\u012bgas j\u016bsu n\u0101kotnei, piem\u0113ram, neatkar\u012bbu, p\u0101rliec\u012bbu un atv\u0113rt\u012bbu cit\u0101m kult\u016br\u0101m. &nbsp;<\/p>\n\n\n\n<h3 class=\"wp-block-heading\">Vai es varu ce\u013cot ar draugiem?<\/h3>\n\n\n\n<p>J\u0101 tu vari! Vari doties vienatn\u0113 vai pievienot l\u012bdz 4 draugiem sav\u0101 grup\u0101, ja vi\u0146i atbilst dal\u012bbas nosac\u012bjumiem. \u0160aj\u0101 gad\u012bjum\u0101 vi\u0146i izmantos tavu pieteikuma kodu, lai iesniegtu savu pieteikumu.<\/p>\n\n\n\n<p>Vair\u0101k inform\u0101cijas: <\/p>\n\n\n\n<p><strong>https:\/\/youth.europa.eu\/discovereu_en<\/strong><\/p>","protected":false},"excerpt":{"rendered":"<p>If you are 18 years old and you are willing to discover Europe by train? Then this programme is for you &#8211; you can discover Europe\u2019s stunning landscapes and its variety of cities and towns. You can apply during the two application rounds which take place each year. Successful applicants [&hellip;]<\/p>\n","protected":false},"author":1,"featured_media":0,"parent":0,"menu_order":5,"comment_status":"closed","ping_status":"closed","template":"","meta":{"footnotes":""},"class_list":["post-1624","page","type-page","status-publish","hentry"],"rttpg_featured_image_url":null,"rttpg_author":{"display_name":"evolvingyouth1","author_link":"https:\/\/evolving-youth.com\/lv\/author\/evolvingyouth1\/"},"rttpg_comment":0,"rttpg_category":null,"rttpg_excerpt":"If you are 18 years old and you are willing to discover Europe by train? Then this programme is for you &#8211; you can discover Europe\u2019s stunning landscapes and its variety of cities and towns. You can apply during the two application rounds which take place each year. Successful applicants [&hellip;]","_links":{"self":[{"href":"https:\/\/evolving-youth.com\/lv\/wp-json\/wp\/v2\/pages\/1624"}],"collection":[{"href":"https:\/\/evolving-youth.com\/lv\/wp-json\/wp\/v2\/pages"}],"about":[{"href":"https:\/\/evolving-youth.com\/lv\/wp-json\/wp\/v2\/types\/page"}],"author":[{"embeddable":true,"href":"https:\/\/evolving-youth.com\/lv\/wp-json\/wp\/v2\/users\/1"}],"replies":[{"embeddable":true,"href":"https:\/\/evolving-youth.com\/lv\/wp-json\/wp\/v2\/comments?post=1624"}],"version-history":[{"count":2,"href":"https:\/\/evolving-youth.com\/lv\/wp-json\/wp\/v2\/pages\/1624\/revisions"}],"predecessor-version":[{"id":1627,"href":"https:\/\/evolving-youth.com\/lv\/wp-json\/wp\/v2\/pages\/1624\/revisions\/1627"}],"wp:attachment":[{"href":"https:\/\/evolving-youth.com\/lv\/wp-json\/wp\/v2\/media?parent=1624"}],"curies":[{"name":"wp","href":"https:\/\/api.w.org\/{rel}","templated":true}]}}