{"id":1559,"date":"2022-09-07T08:21:15","date_gmt":"2022-09-07T07:21:22","guid":{"rendered":"https:\/\/evolving-youth.com\/?page_id=1559"},"modified":"2022-09-07T08:55:40","modified_gmt":"2022-09-07T07:55:40","slug":"apmacibas-jaunatnes-darbiniekiem","status":"publish","type":"page","link":"https:\/\/evolving-youth.com\/lv\/apmacibas-jaunatnes-darbiniekiem\/","title":{"rendered":"Jaunatnes darbinieku apm\u0101c\u012bbas"},"content":{"rendered":"<p>Apm\u0101c\u012bbu m\u0113r\u0137is ir veicin\u0101t jaunatnes darbinieku profesion\u0101lo izaugsmi starptautisk\u0101 vid\u0113, t\u0101d\u0113j\u0101di veicinot organiz\u0101ciju kapacit\u0101ti un pilnveidojot darbu ar jaunatni.<\/p>\n\n\n\n<p>Apm\u0101c\u012bbas paredz\u0113tas person\u0101m, kuras ir profesion\u0101li saist\u012btas ar jaunatnes jomu \u2013 jaunatnes darbiniekiem, jaunatnes lietu speci\u0101listiem, mentoriem, atbalsta person\u0101m, jaunatnes vad\u012bt\u0101jiem, soci\u0101lajiem darbiniekiem, skolot\u0101jiem un cit\u0101m darb\u0101 ar jaunatni saist\u012bt\u0101m person\u0101m.<\/p>\n\n\n\n<p><br>Saska\u0146\u0101 ar pl\u0101nu projekt\u0101 iesp\u0113jams \u012bstenot da\u017e\u0101da veida profesion\u0101l\u0101s pilnveides aktivit\u0101tes:<\/p>\n\n\n\n<ul class=\"wp-block-list\"><li>M\u0101c\u012bbu un p\u0113tniecisk\u0101s viz\u012btes \u2013 aktivit\u0101tes m\u0113r\u0137is ir dot iesp\u0113ju jaunatnes darbinieku grupai \u012bs\u0101 laika period\u0101 iepaz\u012bties ar jaunatnes darbu cit\u0101 valst\u012b. M\u0101c\u012bbu viz\u012btei tiek izv\u0113l\u0113ta noteikta t\u0113ma, kuras laik\u0101 tiek organiz\u0113tas tik\u0161an\u0101s ar da\u017e\u0101d\u0101m organiz\u0101cij\u0101m, iepaz\u012b\u0161an\u0101s ar projektiem un to \u012bsteno\u0161anas praks\u0113m u.c. aktivit\u0101tes, kas pal\u012bdz izprast izv\u0113l\u0113to t\u0113mu.<\/li><li>Kontaktu veido\u0161anas semin\u0101ri \u2013 aktivit\u0101tes m\u0113r\u0137is ir dot dal\u012bbniekiem iesp\u0113ju atrast jaunus partnerus starptautisk\u0101s sadarb\u012bbas veido\u0161anai jaunatnes jom\u0101, k\u0101 ar\u012b projektu ideju att\u012bst\u012b\u0161anai. T\u0101 ir iesp\u0113ja stiprin\u0101t eso\u0161os sadarb\u012bbas t\u012bklus<\/li><li>Apm\u0101c\u012bbu kursi \u2013 aktivit\u0101tes m\u0113r\u0137is ir pilnveidot dal\u012bbnieku kompetences (zin\u0101\u0161anas, prasmes un attieksmes), apg\u016bstot jaunas metodes vai pieejas, ko izmantot darb\u0101 ar jaunie\u0161iem, piem\u0113ram, darb\u0101 ar konkr\u0113tu m\u0113r\u0137a grupu.<\/li><li>Semin\u0101ri un darba grupas \u2013 aktivit\u0101tes m\u0113r\u0137is ir veicin\u0101t diskusiju un lab\u0101s prakses apmai\u0146u starp iesaist\u012btajiem dal\u012bbniekiem par izv\u0113l\u0113to ar jaunatnes darbu saist\u012bto t\u0113mu.<\/li><\/ul>\n\n\n\n<p>Vair\u0101k inform\u0101cijas:<\/p>\n\n\n\n<figure class=\"wp-block-embed is-type-wp-embed is-provider-jaunatnes-starptautisko-programmu-agentura wp-block-embed-jaunatnes-starptautisko-programmu-agentura\"><div class=\"wp-block-embed__wrapper\">\n<blockquote class=\"wp-embedded-content\" data-secret=\"PKnlpfDIJE\"><a href=\"https:\/\/jaunatne.gov.lv\/par-agenturu\/programmas-projekti\/erasmus\/jaunatnes-darbinieku-mobilitate\/\">Jaunatnes darbinieku mobilit\u0101tes projekti<\/a><\/blockquote><iframe class=\"wp-embedded-content\" sandbox=\"allow-scripts\" security=\"restricted\" style=\"position: absolute; clip: rect(1px, 1px, 1px, 1px);\" title=\"&#8220;Jaunatnes darbinieku mobilit\u0101tes projekti&#8221; &#8212; Jaunatnes starptautisko programmu a\u0123ent\u016bra\" src=\"https:\/\/jaunatne.gov.lv\/par-agenturu\/programmas-projekti\/erasmus\/jaunatnes-darbinieku-mobilitate\/embed\/#?secret=l1zwQsJPJK#?secret=PKnlpfDIJE\" data-secret=\"PKnlpfDIJE\" width=\"600\" height=\"338\" frameborder=\"0\" marginwidth=\"0\" marginheight=\"0\" scrolling=\"no\"><\/iframe>\n<\/div><\/figure>","protected":false},"excerpt":{"rendered":"<p>The aim of the project is to promote the professional development of youth workers in an international environment, thereby promoting the capacity of the organizations involved in the project and improving work with youth. The project is intended for persons who are professionally related to the field of youth &#8211; [&hellip;]<\/p>\n","protected":false},"author":1,"featured_media":0,"parent":0,"menu_order":3,"comment_status":"closed","ping_status":"closed","template":"","meta":{"footnotes":""},"class_list":["post-1559","page","type-page","status-publish","hentry"],"rttpg_featured_image_url":null,"rttpg_author":{"display_name":"evolvingyouth1","author_link":"https:\/\/evolving-youth.com\/lv\/author\/evolvingyouth1\/"},"rttpg_comment":0,"rttpg_category":null,"rttpg_excerpt":"The aim of the project is to promote the professional development of youth workers in an international environment, thereby promoting the capacity of the organizations involved in the project and improving work with youth. The project is intended for persons who are professionally related to the field of youth &#8211; [&hellip;]","_links":{"self":[{"href":"https:\/\/evolving-youth.com\/lv\/wp-json\/wp\/v2\/pages\/1559"}],"collection":[{"href":"https:\/\/evolving-youth.com\/lv\/wp-json\/wp\/v2\/pages"}],"about":[{"href":"https:\/\/evolving-youth.com\/lv\/wp-json\/wp\/v2\/types\/page"}],"author":[{"embeddable":true,"href":"https:\/\/evolving-youth.com\/lv\/wp-json\/wp\/v2\/users\/1"}],"replies":[{"embeddable":true,"href":"https:\/\/evolving-youth.com\/lv\/wp-json\/wp\/v2\/comments?post=1559"}],"version-history":[{"count":3,"href":"https:\/\/evolving-youth.com\/lv\/wp-json\/wp\/v2\/pages\/1559\/revisions"}],"predecessor-version":[{"id":1582,"href":"https:\/\/evolving-youth.com\/lv\/wp-json\/wp\/v2\/pages\/1559\/revisions\/1582"}],"wp:attachment":[{"href":"https:\/\/evolving-youth.com\/lv\/wp-json\/wp\/v2\/media?parent=1559"}],"curies":[{"name":"wp","href":"https:\/\/api.w.org\/{rel}","templated":true}]}}