{"id":1553,"date":"2022-09-07T08:16:57","date_gmt":"2022-09-07T07:16:57","guid":{"rendered":"https:\/\/evolving-youth.com\/?page_id=1553"},"modified":"2022-10-10T12:10:46","modified_gmt":"2022-10-10T11:10:46","slug":"youth-exchanges","status":"publish","type":"page","link":"https:\/\/evolving-youth.com\/lv\/youth-exchanges\/","title":{"rendered":"Jaunie\u0161u apmai\u0146a"},"content":{"rendered":"<p><\/p>\n\n\n\n<p>Jaunie\u0161u apmai\u0146a sniedz iesp\u0113ju jaunie\u0161u grup\u0101m no da\u017e\u0101d\u0101m valst\u012bm satikties, \u012bsu laiku dz\u012bvot kop\u0101 un str\u0101d\u0101t pie kop\u0113jiem projektiem<\/p>\n\n\n\n<p>\u0160\u012bs programmas tiek \u012bstenotas \u0101rpus m\u0101c\u012bbu programmas. Jaunie\u0161u apmai\u0146as laik\u0101 var piedal\u012bties da\u017e\u0101d\u0101s aktivit\u0101t\u0113s: semin\u0101ros, diskusij\u0101s, lomu sp\u0113l\u0113s, \u0101ra aktivit\u0101t\u0113s u.c.<\/p>\n\n\n\n<p>Jaunie\u0161u apmai\u0146as ilgums ir <strong>5 to 21<\/strong> dienai, neskaitot ce\u013cojuma laiku.<\/p>\n\n\n\n<p>Jaunie\u0161u apmai\u0146\u0101 var piedal\u012bties personas vecum\u0101 no 13 l\u012bdz 30 gadiem. Lai vad\u012btu jaunie\u0161u grupu, j\u0101b\u016bt vismaz 18 gadus vecam<\/p>\n\n\n\n<p>Jaunie\u0161u apmai\u0146as organiz\u0113 jaunatnes organiz\u0101cijas, neform\u0101las jaunie\u0161u grupas vai citas organiz\u0101cijas.<\/p>\n\n\n\n<p>ja tev ir ideja un tu v\u0113lies \u012bstenot savu jaunie\u0161u apmai\u0146u \u2013 m\u0113s varam pal\u012bdz\u0113t un vad\u012bt tevi \u0161aj\u0101 proces\u0101, tev vajag tikai ideju, motiv\u0101ciju un ap\u0146\u0113m\u012bbu! <\/p>\n\n\n\n<p>Vair\u0101k inform\u0101cijas:<\/p>\n\n\n\n<figure class=\"wp-block-embed is-type-wp-embed is-provider-jaunatnes-starptautisko-programmu-agentura wp-block-embed-jaunatnes-starptautisko-programmu-agentura\"><div class=\"wp-block-embed__wrapper\">\n<blockquote class=\"wp-embedded-content\" data-secret=\"Y0wzdQHVaO\"><a href=\"https:\/\/jaunatne.gov.lv\/iespejas-jauniesiem\/\">Iesp\u0113jas jaunie\u0161iem<\/a><\/blockquote><iframe class=\"wp-embedded-content\" sandbox=\"allow-scripts\" security=\"restricted\" style=\"position: absolute; clip: rect(1px, 1px, 1px, 1px);\" title=\"&#8220;Iesp\u0113jas jaunie\u0161iem&#8221; &#8212; Jaunatnes starptautisko programmu a\u0123ent\u016bra\" src=\"https:\/\/jaunatne.gov.lv\/iespejas-jauniesiem\/embed\/#?secret=9FokfS3iub#?secret=Y0wzdQHVaO\" data-secret=\"Y0wzdQHVaO\" width=\"600\" height=\"338\" frameborder=\"0\" marginwidth=\"0\" marginheight=\"0\" scrolling=\"no\"><\/iframe>\n<\/div><\/figure>\n\n\n\n<p><a href=\"https:\/\/erasmus-plus.ec.europa.eu\/lv\">https:\/\/erasmus-plus.ec.europa.eu\/lv<\/a><\/p>","protected":false},"excerpt":{"rendered":"<p>Youth exchange gives the opportunity for groups of young people from different countries to meet, live together for a short period of time and work on the same projects. These programs are implemented outside of the curriculum. During the youth exchange, you can participate in various activities: seminars, exercises, discussions, [&hellip;]<\/p>\n","protected":false},"author":1,"featured_media":0,"parent":0,"menu_order":2,"comment_status":"closed","ping_status":"closed","template":"","meta":{"footnotes":""},"class_list":["post-1553","page","type-page","status-publish","hentry"],"rttpg_featured_image_url":null,"rttpg_author":{"display_name":"evolvingyouth1","author_link":"https:\/\/evolving-youth.com\/lv\/author\/evolvingyouth1\/"},"rttpg_comment":0,"rttpg_category":null,"rttpg_excerpt":"Youth exchange gives the opportunity for groups of young people from different countries to meet, live together for a short period of time and work on the same projects. These programs are implemented outside of the curriculum. During the youth exchange, you can participate in various activities: seminars, exercises, discussions, [&hellip;]","_links":{"self":[{"href":"https:\/\/evolving-youth.com\/lv\/wp-json\/wp\/v2\/pages\/1553"}],"collection":[{"href":"https:\/\/evolving-youth.com\/lv\/wp-json\/wp\/v2\/pages"}],"about":[{"href":"https:\/\/evolving-youth.com\/lv\/wp-json\/wp\/v2\/types\/page"}],"author":[{"embeddable":true,"href":"https:\/\/evolving-youth.com\/lv\/wp-json\/wp\/v2\/users\/1"}],"replies":[{"embeddable":true,"href":"https:\/\/evolving-youth.com\/lv\/wp-json\/wp\/v2\/comments?post=1553"}],"version-history":[{"count":5,"href":"https:\/\/evolving-youth.com\/lv\/wp-json\/wp\/v2\/pages\/1553\/revisions"}],"predecessor-version":[{"id":1644,"href":"https:\/\/evolving-youth.com\/lv\/wp-json\/wp\/v2\/pages\/1553\/revisions\/1644"}],"wp:attachment":[{"href":"https:\/\/evolving-youth.com\/lv\/wp-json\/wp\/v2\/media?parent=1553"}],"curies":[{"name":"wp","href":"https:\/\/api.w.org\/{rel}","templated":true}]}}